{"id":4108,"date":"2025-05-23T16:07:10","date_gmt":"2025-05-23T13:07:10","guid":{"rendered":"https:\/\/tanersoyaslan.com\/?page_id=4108"},"modified":"2026-03-25T17:42:24","modified_gmt":"2026-03-25T14:42:24","slug":"koy-selesi-siyah-zeytin","status":"publish","type":"page","link":"https:\/\/tanersoyaslan.com\/?page_id=4108","title":{"rendered":"K\u00f6y Selesi Siyah Zeytin"},"content":{"rendered":"\t\t<div data-elementor-type=\"wp-page\" data-elementor-id=\"4108\" class=\"elementor elementor-4108\">\n\t\t\t\t\t\t<section class=\"elementor-section elementor-top-section elementor-element elementor-element-4370185 elementor-section-boxed elementor-section-height-default elementor-section-height-default\" data-id=\"4370185\" data-element_type=\"section\" data-e-type=\"section\">\n\t\t\t\t\t\t<div class=\"elementor-container elementor-column-gap-default\">\n\t\t\t\t\t<div class=\"elementor-column elementor-col-100 elementor-top-column elementor-element elementor-element-bb0c50b\" data-id=\"bb0c50b\" data-element_type=\"column\" data-e-type=\"column\">\n\t\t\t<div class=\"elementor-widget-wrap elementor-element-populated\">\n\t\t\t\t\t\t<div class=\"elementor-element elementor-element-9088fc6 elementor-widget elementor-widget-spacer\" data-id=\"9088fc6\" data-element_type=\"widget\" data-e-type=\"widget\" data-widget_type=\"spacer.default\">\n\t\t\t\t<div class=\"elementor-widget-container\">\n\t\t\t\t\t\t\t<div class=\"elementor-spacer\">\n\t\t\t<div class=\"elementor-spacer-inner\"><\/div>\n\t\t<\/div>\n\t\t\t\t\t\t<\/div>\n\t\t\t\t<\/div>\n\t\t\t\t\t<\/div>\n\t\t<\/div>\n\t\t\t\t\t<\/div>\n\t\t<\/section>\n\t\t\t\t<section class=\"elementor-section elementor-top-section elementor-element elementor-element-628584b elementor-section-stretched elementor-section-boxed elementor-section-height-default elementor-section-height-default\" data-id=\"628584b\" data-element_type=\"section\" data-e-type=\"section\" data-settings=\"{&quot;stretch_section&quot;:&quot;section-stretched&quot;,&quot;background_background&quot;:&quot;classic&quot;}\">\n\t\t\t\t\t\t<div class=\"elementor-container elementor-column-gap-default\">\n\t\t\t\t\t<div class=\"elementor-column elementor-col-100 elementor-top-column elementor-element elementor-element-067f49f\" data-id=\"067f49f\" data-element_type=\"column\" data-e-type=\"column\">\n\t\t\t<div class=\"elementor-widget-wrap elementor-element-populated\">\n\t\t\t\t\t\t<div class=\"elementor-element elementor-element-be7e27b elementor-widget elementor-widget-organium_heading\" data-id=\"be7e27b\" data-element_type=\"widget\" data-e-type=\"widget\" data-widget_type=\"organium_heading.default\">\n\t\t\t\t<div class=\"elementor-widget-container\">\n\t\t\t\t\t\n        <div class=\"organium_heading_widget\">\n                                <div class=\"organium_up_heading\"><\/div>\n                                    <h2 class=\"organium_heading\">\n\n                    K\u00f6y Selesi Siyah Zeytin                <\/h2>\n                        <\/div>\n        \t\t\t\t<\/div>\n\t\t\t\t<\/div>\n\t\t\t\t<section class=\"elementor-section elementor-inner-section elementor-element elementor-element-6e78d9a elementor-section-boxed elementor-section-height-default elementor-section-height-default\" data-id=\"6e78d9a\" data-element_type=\"section\" data-e-type=\"section\">\n\t\t\t\t\t\t<div class=\"elementor-container elementor-column-gap-extended\">\n\t\t\t\t\t<div class=\"elementor-column elementor-col-33 elementor-inner-column elementor-element elementor-element-cd37fe3\" data-id=\"cd37fe3\" data-element_type=\"column\" data-e-type=\"column\">\n\t\t\t<div class=\"elementor-widget-wrap elementor-element-populated\">\n\t\t\t\t\t\t<div class=\"elementor-element elementor-element-f2434aa elementor-widget elementor-widget-organium_ad_banner\" data-id=\"f2434aa\" data-element_type=\"widget\" data-e-type=\"widget\" data-widget_type=\"organium_ad_banner.default\">\n\t\t\t\t<div class=\"elementor-widget-container\">\n\t\t\t\t\t\n        <div class=\"organium_ad_banner_widget view_type_2\">\n            <span class=\"organium_banner_inner\"><img decoding=\"async\" class=\"organium_image_widget_bg lazyload\" data-src=\"https:\/\/tanersoyaslan.com\/wp-content\/uploads\/2026\/03\/WhatsApp-Image-2026-03-18-at-13.37.36-11.jpeg\" alt=\"\" src=\"data:image\/gif;base64,R0lGODlhAQABAAAAACH5BAEKAAEALAAAAAABAAEAAAICTAEAOw==\" style=\"--smush-placeholder-width: 1024px; --smush-placeholder-aspect-ratio: 1024\/1536;\" \/><span class=\"organium_banner_frame\"><\/span><span class=\"organium_banner_content\"><span class=\"organium_banner_title\">900 GR K\u00d6Y SELES\u0130 S\u0130YAH ZEYT\u0130N<\/span><\/span><\/span>        <\/div>\n        \t\t\t\t<\/div>\n\t\t\t\t<\/div>\n\t\t\t\t\t<\/div>\n\t\t<\/div>\n\t\t\t\t<div class=\"elementor-column elementor-col-33 elementor-inner-column elementor-element elementor-element-806d517\" data-id=\"806d517\" data-element_type=\"column\" data-e-type=\"column\">\n\t\t\t<div class=\"elementor-widget-wrap elementor-element-populated\">\n\t\t\t\t\t\t<div class=\"elementor-element elementor-element-1411b4c elementor-widget elementor-widget-organium_ad_banner\" data-id=\"1411b4c\" data-element_type=\"widget\" data-e-type=\"widget\" data-widget_type=\"organium_ad_banner.default\">\n\t\t\t\t<div class=\"elementor-widget-container\">\n\t\t\t\t\t\n        <div class=\"organium_ad_banner_widget view_type_2\">\n            <span class=\"organium_banner_inner\"><img decoding=\"async\" class=\"organium_image_widget_bg lazyload\" data-src=\"https:\/\/tanersoyaslan.com\/wp-content\/plugins\/elementor\/assets\/images\/placeholder.png\" alt=\"\" src=\"data:image\/gif;base64,R0lGODlhAQABAAAAACH5BAEKAAEALAAAAAABAAEAAAICTAEAOw==\" \/><span class=\"organium_banner_frame\"><\/span><span class=\"organium_banner_content\"><span class=\"organium_banner_title\">200 GR VAKUM S\u0130YAH ZEYT\u0130N<\/span><\/span><\/span>        <\/div>\n        \t\t\t\t<\/div>\n\t\t\t\t<\/div>\n\t\t\t\t\t<\/div>\n\t\t<\/div>\n\t\t\t\t<div class=\"elementor-column elementor-col-33 elementor-inner-column elementor-element elementor-element-1c33971\" data-id=\"1c33971\" data-element_type=\"column\" data-e-type=\"column\">\n\t\t\t<div class=\"elementor-widget-wrap elementor-element-populated\">\n\t\t\t\t\t\t<div class=\"elementor-element elementor-element-9cf0892 elementor-widget elementor-widget-organium_ad_banner\" data-id=\"9cf0892\" data-element_type=\"widget\" data-e-type=\"widget\" data-widget_type=\"organium_ad_banner.default\">\n\t\t\t\t<div class=\"elementor-widget-container\">\n\t\t\t\t\t\n        <div class=\"organium_ad_banner_widget view_type_2\">\n            <span class=\"organium_banner_inner\"><img decoding=\"async\" class=\"organium_image_widget_bg lazyload\" data-src=\"https:\/\/tanersoyaslan.com\/wp-content\/uploads\/2025\/05\/teneke-10kg.jpg\" alt=\"\" src=\"data:image\/gif;base64,R0lGODlhAQABAAAAACH5BAEKAAEALAAAAAABAAEAAAICTAEAOw==\" style=\"--smush-placeholder-width: 1200px; --smush-placeholder-aspect-ratio: 1200\/1600;\" \/><span class=\"organium_banner_frame\"><\/span><span class=\"organium_banner_content\"><span class=\"organium_banner_title\">10 KG YA\u011eLI SELE S\u0130YAH ZEYT\u0130N TENEKE<\/span><\/span><\/span>        <\/div>\n        \t\t\t\t<\/div>\n\t\t\t\t<\/div>\n\t\t\t\t\t<\/div>\n\t\t<\/div>\n\t\t\t\t\t<\/div>\n\t\t<\/section>\n\t\t\t\t\t<\/div>\n\t\t<\/div>\n\t\t\t\t\t<\/div>\n\t\t<\/section>\n\t\t\t\t<section class=\"elementor-section elementor-top-section elementor-element elementor-element-e1f8ff7 elementor-section-boxed elementor-section-height-default elementor-section-height-default\" data-id=\"e1f8ff7\" data-element_type=\"section\" data-e-type=\"section\">\n\t\t\t\t\t\t<div class=\"elementor-container elementor-column-gap-default\">\n\t\t\t\t\t<div class=\"elementor-column elementor-col-100 elementor-top-column elementor-element elementor-element-02fb8e9\" data-id=\"02fb8e9\" data-element_type=\"column\" data-e-type=\"column\">\n\t\t\t<div class=\"elementor-widget-wrap elementor-element-populated\">\n\t\t\t\t\t\t<section class=\"elementor-section elementor-inner-section elementor-element elementor-element-de2ecc5 elementor-section-boxed elementor-section-height-default elementor-section-height-default\" data-id=\"de2ecc5\" data-element_type=\"section\" data-e-type=\"section\">\n\t\t\t\t\t\t<div class=\"elementor-container elementor-column-gap-extended\">\n\t\t\t\t\t<div class=\"elementor-column elementor-col-33 elementor-inner-column elementor-element elementor-element-162e750\" data-id=\"162e750\" data-element_type=\"column\" data-e-type=\"column\">\n\t\t\t<div class=\"elementor-widget-wrap elementor-element-populated\">\n\t\t\t\t\t\t<div class=\"elementor-element elementor-element-409c591 elementor-widget elementor-widget-organium_heading\" data-id=\"409c591\" data-element_type=\"widget\" data-e-type=\"widget\" data-widget_type=\"organium_heading.default\">\n\t\t\t\t<div class=\"elementor-widget-container\">\n\t\t\t\t\t\n        <div class=\"organium_heading_widget\">\n                                <div class=\"organium_up_heading\"><\/div>\n                                    <div class=\"organium_heading\">\n\n                    Taner Soyaslan 900 gram K\u00f6y Selesi Siyah Zeytin, geleneksel k\u00f6y usul\u00fcyle do\u011fal sele y\u00f6nteminde haz\u0131rlanm\u0131\u015ft\u0131r. \u00d6zenle se\u00e7ilen, hafif tuzlu ve etli taneleriyle, zeytinin ger\u00e7ek tad\u0131n\u0131 sofralar\u0131n\u0131za getirir. K\u00f6y sele y\u00f6nteminin verdi\u011fi benzersiz lezzet ve yo\u011fun aroma, her kahvalt\u0131y\u0131 ayr\u0131cal\u0131kl\u0131 bir deneyime d\u00f6n\u00fc\u015ft\u00fcr\u00fcr.                <\/div>\n                        <\/div>\n        \t\t\t\t<\/div>\n\t\t\t\t<\/div>\n\t\t\t\t\t<\/div>\n\t\t<\/div>\n\t\t\t\t<div class=\"elementor-column elementor-col-33 elementor-inner-column elementor-element elementor-element-80b8a7a\" data-id=\"80b8a7a\" data-element_type=\"column\" data-e-type=\"column\">\n\t\t\t<div class=\"elementor-widget-wrap elementor-element-populated\">\n\t\t\t\t\t\t<div class=\"elementor-element elementor-element-4bc14d1 elementor-widget elementor-widget-text-editor\" data-id=\"4bc14d1\" data-element_type=\"widget\" data-e-type=\"widget\" data-widget_type=\"text-editor.default\">\n\t\t\t\t<div class=\"elementor-widget-container\">\n\t\t\t\t\t\t\t\t\t<p>Taner Soyaslan 200 gram Vakum Siyah Zeytin, pratik ambalaj\u0131yla her an her yerde taze ve do\u011fal zeytin keyfi ya\u015fat\u0131yor. \u00d6zel vakum ambalaj\u0131yla uzun s\u00fcre tazeli\u011fini koruyan bu zeytinler, seyahatlerde, pikniklerde ve k\u00fc\u00e7\u00fck sofralarda t\u00fcketim i\u00e7in idealdir. K\u00fc\u00e7\u00fck ambalaj\u0131nda b\u00fcy\u00fck lezzet ta\u015f\u0131yan, sa\u011fl\u0131kl\u0131 ve do\u011fal bir at\u0131\u015ft\u0131rmal\u0131kt\u0131r.<\/p>\t\t\t\t\t\t\t\t<\/div>\n\t\t\t\t<\/div>\n\t\t\t\t\t<\/div>\n\t\t<\/div>\n\t\t\t\t<div class=\"elementor-column elementor-col-33 elementor-inner-column elementor-element elementor-element-9a9f90a\" data-id=\"9a9f90a\" data-element_type=\"column\" data-e-type=\"column\">\n\t\t\t<div class=\"elementor-widget-wrap elementor-element-populated\">\n\t\t\t\t\t\t<div class=\"elementor-element elementor-element-ed92847 elementor-widget elementor-widget-text-editor\" data-id=\"ed92847\" data-element_type=\"widget\" data-e-type=\"widget\" data-widget_type=\"text-editor.default\">\n\t\t\t\t<div class=\"elementor-widget-container\">\n\t\t\t\t\t\t\t\t\t<p>Taner Soyaslan 10 kg Ya\u011fl\u0131 Sele Siyah Zeytin, b\u00fcy\u00fck lezzetler arayanlar i\u00e7in \u00f6zenle haz\u0131rlanm\u0131\u015ft\u0131r. Geleneksel sele y\u00f6ntemiyle do\u011fal fermentasyona b\u0131rak\u0131larak, katk\u0131s\u0131z ve sa\u011fl\u0131kl\u0131 \u015fekilde sofran\u0131za ula\u015f\u0131r. Ya\u011fl\u0131 yap\u0131s\u0131 ve iri taneleriyle damaklar\u0131 \u015f\u0131martan bu zeytinler, ekonomik ve uzun \u00f6m\u00fcrl\u00fc teneke ambalaj\u0131yla, kalabal\u0131k sofralar ve i\u015fletmeler i\u00e7in m\u00fckemmel bir tercihtir. Her lokmas\u0131nda geleneksel sele lezzetini doyas\u0131ya ya\u015fay\u0131n.<\/p>\t\t\t\t\t\t\t\t<\/div>\n\t\t\t\t<\/div>\n\t\t\t\t\t<\/div>\n\t\t<\/div>\n\t\t\t\t\t<\/div>\n\t\t<\/section>\n\t\t\t\t\t<\/div>\n\t\t<\/div>\n\t\t\t\t\t<\/div>\n\t\t<\/section>\n\t\t\t\t<section class=\"elementor-section elementor-top-section elementor-element elementor-element-e483056 elementor-section-stretched elementor-section-content-middle elementor-section-boxed elementor-section-height-default elementor-section-height-default\" data-id=\"e483056\" data-element_type=\"section\" data-e-type=\"section\" data-settings=\"{&quot;stretch_section&quot;:&quot;section-stretched&quot;,&quot;background_background&quot;:&quot;classic&quot;}\">\n\t\t\t\t\t\t<div class=\"elementor-container elementor-column-gap-wider\">\n\t\t\t\t\t<div class=\"elementor-column elementor-col-50 elementor-top-column elementor-element elementor-element-a389818\" data-id=\"a389818\" data-element_type=\"column\" data-e-type=\"column\">\n\t\t\t<div class=\"elementor-widget-wrap elementor-element-populated\">\n\t\t\t\t\t\t<div class=\"elementor-element elementor-element-1b5202b elementor-widget elementor-widget-organium_image\" data-id=\"1b5202b\" data-element_type=\"widget\" data-e-type=\"widget\" data-widget_type=\"organium_image.default\">\n\t\t\t\t<div class=\"elementor-widget-container\">\n\t\t\t\t\t        <div class=\"organium_image_widget\">\n            <div class=\"organium_image_container organium_image_style_default\">\n                <img decoding=\"async\" class=\"organium_image_widget_main_image lazyload\" data-src=\"https:\/\/tanersoyaslan.com\/wp-content\/uploads\/2026\/03\/WhatsApp-Image-2026-03-18-at-13.37.36-15.jpeg\" alt=\"\" src=\"data:image\/gif;base64,R0lGODlhAQABAAAAACH5BAEKAAEALAAAAAABAAEAAAICTAEAOw==\" style=\"--smush-placeholder-width: 1536px; --smush-placeholder-aspect-ratio: 1536\/1024;\" \/>\n            <\/div>\n        <\/div>\n        \t\t\t\t<\/div>\n\t\t\t\t<\/div>\n\t\t\t\t\t<\/div>\n\t\t<\/div>\n\t\t\t\t<div class=\"elementor-column elementor-col-50 elementor-top-column elementor-element elementor-element-be42d60\" data-id=\"be42d60\" data-element_type=\"column\" data-e-type=\"column\">\n\t\t\t<div class=\"elementor-widget-wrap elementor-element-populated\">\n\t\t\t\t\t\t<div class=\"elementor-element elementor-element-d03074e elementor-widget elementor-widget-text-editor\" data-id=\"d03074e\" data-element_type=\"widget\" data-e-type=\"widget\" data-widget_type=\"text-editor.default\">\n\t\t\t\t<div class=\"elementor-widget-container\">\n\t\t\t\t\t\t\t\t\t<p>K\u00f6y Selesi Siyah Zeytin, geleneksel k\u00f6y usul\u00fcyle do\u011fal sele y\u00f6nteminde haz\u0131rlanm\u0131\u015ft\u0131r. Katk\u0131s\u0131z ve sa\u011fl\u0131kl\u0131 \u015fekilde sofran\u0131za ula\u015f\u0131r. Ya\u011fl\u0131 yap\u0131s\u0131 ve iri taneleriyle damaklar\u0131 \u015f\u0131martan bu zeytinler, her ambalaj\u0131nda b\u00fcy\u00fck lezzet ta\u015f\u0131yan, sa\u011fl\u0131kl\u0131 ve do\u011fal bir at\u0131\u015ft\u0131rmal\u0131kt\u0131r.<\/p>\t\t\t\t\t\t\t\t<\/div>\n\t\t\t\t<\/div>\n\t\t\t\t\t<\/div>\n\t\t<\/div>\n\t\t\t\t\t<\/div>\n\t\t<\/section>\n\t\t\t\t<section class=\"elementor-section elementor-top-section elementor-element elementor-element-4789282 elementor-section-boxed elementor-section-height-default elementor-section-height-default\" data-id=\"4789282\" data-element_type=\"section\" data-e-type=\"section\">\n\t\t\t\t\t\t<div class=\"elementor-container elementor-column-gap-default\">\n\t\t\t\t\t<div class=\"elementor-column elementor-col-100 elementor-top-column elementor-element elementor-element-5d8a7a1\" data-id=\"5d8a7a1\" data-element_type=\"column\" data-e-type=\"column\">\n\t\t\t<div class=\"elementor-widget-wrap elementor-element-populated\">\n\t\t\t\t\t\t<div class=\"elementor-element elementor-element-a5aff66 elementor-widget elementor-widget-spacer\" data-id=\"a5aff66\" data-element_type=\"widget\" data-e-type=\"widget\" data-widget_type=\"spacer.default\">\n\t\t\t\t<div class=\"elementor-widget-container\">\n\t\t\t\t\t\t\t<div class=\"elementor-spacer\">\n\t\t\t<div class=\"elementor-spacer-inner\"><\/div>\n\t\t<\/div>\n\t\t\t\t\t\t<\/div>\n\t\t\t\t<\/div>\n\t\t\t\t\t<\/div>\n\t\t<\/div>\n\t\t\t\t\t<\/div>\n\t\t<\/section>\n\t\t\t\t<\/div>\n\t\t","protected":false},"excerpt":{"rendered":"<p>Taner Soyaslan 200 gram Vakum Siyah Zeytin, pratik ambalaj\u0131yla her an her yerde taze ve do\u011fal zeytin keyfi ya\u015fat\u0131yor. \u00d6zel vakum ambalaj\u0131yla uzun s\u00fcre tazeli\u011fini koruyan bu zeytinler, seyahatlerde, pikniklerde ve k\u00fc\u00e7\u00fck sofralarda t\u00fcketim i\u00e7in idealdir. K\u00fc\u00e7\u00fck ambalaj\u0131nda b\u00fcy\u00fck lezzet ta\u015f\u0131yan, sa\u011fl\u0131kl\u0131 ve do\u011fal bir at\u0131\u015ft\u0131rmal\u0131kt\u0131r. Taner Soyaslan 10 kg Ya\u011fl\u0131 Sele Siyah Zeytin, b\u00fcy\u00fck [&hellip;]<\/p>\n","protected":false},"author":1,"featured_media":0,"parent":0,"menu_order":0,"comment_status":"closed","ping_status":"closed","template":"elementor_header_footer","meta":{"footnotes":""},"class_list":["post-4108","page","type-page","status-publish","hentry"],"aioseo_notices":[],"_links":{"self":[{"href":"https:\/\/tanersoyaslan.com\/index.php?rest_route=\/wp\/v2\/pages\/4108","targetHints":{"allow":["GET"]}}],"collection":[{"href":"https:\/\/tanersoyaslan.com\/index.php?rest_route=\/wp\/v2\/pages"}],"about":[{"href":"https:\/\/tanersoyaslan.com\/index.php?rest_route=\/wp\/v2\/types\/page"}],"author":[{"embeddable":true,"href":"https:\/\/tanersoyaslan.com\/index.php?rest_route=\/wp\/v2\/users\/1"}],"replies":[{"embeddable":true,"href":"https:\/\/tanersoyaslan.com\/index.php?rest_route=%2Fwp%2Fv2%2Fcomments&post=4108"}],"version-history":[{"count":13,"href":"https:\/\/tanersoyaslan.com\/index.php?rest_route=\/wp\/v2\/pages\/4108\/revisions"}],"predecessor-version":[{"id":4190,"href":"https:\/\/tanersoyaslan.com\/index.php?rest_route=\/wp\/v2\/pages\/4108\/revisions\/4190"}],"wp:attachment":[{"href":"https:\/\/tanersoyaslan.com\/index.php?rest_route=%2Fwp%2Fv2%2Fmedia&parent=4108"}],"curies":[{"name":"wp","href":"https:\/\/api.w.org\/{rel}","templated":true}]}}