{"id":4043,"date":"2025-05-05T22:04:38","date_gmt":"2025-05-05T19:04:38","guid":{"rendered":"https:\/\/tanersoyaslan.com\/?page_id=4043"},"modified":"2026-03-25T17:52:30","modified_gmt":"2026-03-25T14:52:30","slug":"jumbo-siyah-zeytin","status":"publish","type":"page","link":"https:\/\/tanersoyaslan.com\/?page_id=4043","title":{"rendered":"Jumbo Siyah Zeytin"},"content":{"rendered":"\t\t<div data-elementor-type=\"wp-page\" data-elementor-id=\"4043\" class=\"elementor elementor-4043\">\n\t\t\t\t\t\t<section class=\"elementor-section elementor-top-section elementor-element elementor-element-37ed438 elementor-section-stretched elementor-section-boxed elementor-section-height-default elementor-section-height-default\" data-id=\"37ed438\" data-element_type=\"section\" data-e-type=\"section\" data-settings=\"{&quot;stretch_section&quot;:&quot;section-stretched&quot;,&quot;background_background&quot;:&quot;classic&quot;}\">\n\t\t\t\t\t\t<div class=\"elementor-container elementor-column-gap-default\">\n\t\t\t\t\t<div class=\"elementor-column elementor-col-100 elementor-top-column elementor-element elementor-element-0d61f41\" data-id=\"0d61f41\" data-element_type=\"column\" data-e-type=\"column\">\n\t\t\t<div class=\"elementor-widget-wrap elementor-element-populated\">\n\t\t\t\t\t\t<div class=\"elementor-element elementor-element-3b66a80 elementor-widget elementor-widget-organium_heading\" data-id=\"3b66a80\" data-element_type=\"widget\" data-e-type=\"widget\" data-widget_type=\"organium_heading.default\">\n\t\t\t\t<div class=\"elementor-widget-container\">\n\t\t\t\t\t\n        <div class=\"organium_heading_widget\">\n                                <div class=\"organium_up_heading\"><\/div>\n                                    <h2 class=\"organium_heading\">\n\n                    Jumbo Siyah Zeytin                <\/h2>\n                        <\/div>\n        \t\t\t\t<\/div>\n\t\t\t\t<\/div>\n\t\t\t\t<section class=\"elementor-section elementor-inner-section elementor-element elementor-element-8bd3a77 elementor-section-boxed elementor-section-height-default elementor-section-height-default\" data-id=\"8bd3a77\" data-element_type=\"section\" data-e-type=\"section\">\n\t\t\t\t\t\t<div class=\"elementor-container elementor-column-gap-extended\">\n\t\t\t\t\t<div class=\"elementor-column elementor-col-33 elementor-inner-column elementor-element elementor-element-1fff015\" data-id=\"1fff015\" data-element_type=\"column\" data-e-type=\"column\">\n\t\t\t<div class=\"elementor-widget-wrap elementor-element-populated\">\n\t\t\t\t\t\t<div class=\"elementor-element elementor-element-170e370 elementor-widget elementor-widget-organium_ad_banner\" data-id=\"170e370\" data-element_type=\"widget\" data-e-type=\"widget\" data-widget_type=\"organium_ad_banner.default\">\n\t\t\t\t<div class=\"elementor-widget-container\">\n\t\t\t\t\t\n        <div class=\"organium_ad_banner_widget view_type_2\">\n            <span class=\"organium_banner_inner\"><img decoding=\"async\" class=\"organium_image_widget_bg lazyload\" data-src=\"https:\/\/tanersoyaslan.com\/wp-content\/uploads\/2026\/03\/WhatsApp-Image-2026-03-18-at-13.37.36-16.jpeg\" alt=\"\" src=\"data:image\/gif;base64,R0lGODlhAQABAAAAACH5BAEKAAEALAAAAAABAAEAAAICTAEAOw==\" style=\"--smush-placeholder-width: 1024px; --smush-placeholder-aspect-ratio: 1024\/1024;\" \/><span class=\"organium_banner_frame\"><\/span><span class=\"organium_banner_content\"><span class=\"organium_banner_title\">2 KG JUMBO S\u0130YAH ZEYT\u0130N<\/span><\/span><\/span>        <\/div>\n        \t\t\t\t<\/div>\n\t\t\t\t<\/div>\n\t\t\t\t\t<\/div>\n\t\t<\/div>\n\t\t\t\t<div class=\"elementor-column elementor-col-33 elementor-inner-column elementor-element elementor-element-6d03b0c\" data-id=\"6d03b0c\" data-element_type=\"column\" data-e-type=\"column\">\n\t\t\t<div class=\"elementor-widget-wrap elementor-element-populated\">\n\t\t\t\t\t\t<div class=\"elementor-element elementor-element-f744611 elementor-widget elementor-widget-organium_ad_banner\" data-id=\"f744611\" data-element_type=\"widget\" data-e-type=\"widget\" data-widget_type=\"organium_ad_banner.default\">\n\t\t\t\t<div class=\"elementor-widget-container\">\n\t\t\t\t\t\n        <div class=\"organium_ad_banner_widget view_type_2\">\n            <span class=\"organium_banner_inner\"><img decoding=\"async\" class=\"organium_image_widget_bg lazyload\" data-src=\"https:\/\/tanersoyaslan.com\/wp-content\/uploads\/2026\/03\/WhatsApp-Image-2026-03-18-at-13.37.36-5.jpeg\" alt=\"\" src=\"data:image\/gif;base64,R0lGODlhAQABAAAAACH5BAEKAAEALAAAAAABAAEAAAICTAEAOw==\" style=\"--smush-placeholder-width: 1536px; --smush-placeholder-aspect-ratio: 1536\/1024;\" \/><span class=\"organium_banner_frame\"><\/span><span class=\"organium_banner_content\"><span class=\"organium_banner_title\">400 GR JUMBO CAM S\u0130YAH ZEYT\u0130N<\/span><\/span><\/span>        <\/div>\n        \t\t\t\t<\/div>\n\t\t\t\t<\/div>\n\t\t\t\t\t<\/div>\n\t\t<\/div>\n\t\t\t\t<div class=\"elementor-column elementor-col-33 elementor-inner-column elementor-element elementor-element-28af289\" data-id=\"28af289\" data-element_type=\"column\" data-e-type=\"column\">\n\t\t\t<div class=\"elementor-widget-wrap elementor-element-populated\">\n\t\t\t\t\t\t<div class=\"elementor-element elementor-element-da8118c elementor-widget elementor-widget-organium_ad_banner\" data-id=\"da8118c\" data-element_type=\"widget\" data-e-type=\"widget\" data-widget_type=\"organium_ad_banner.default\">\n\t\t\t\t<div class=\"elementor-widget-container\">\n\t\t\t\t\t\n        <div class=\"organium_ad_banner_widget view_type_2\">\n            <span class=\"organium_banner_inner\"><img decoding=\"async\" class=\"organium_image_widget_bg lazyload\" data-src=\"https:\/\/tanersoyaslan.com\/wp-content\/uploads\/2025\/05\/teneke-10kg.jpg\" alt=\"\" src=\"data:image\/gif;base64,R0lGODlhAQABAAAAACH5BAEKAAEALAAAAAABAAEAAAICTAEAOw==\" style=\"--smush-placeholder-width: 1200px; --smush-placeholder-aspect-ratio: 1200\/1600;\" \/><span class=\"organium_banner_frame\"><\/span><span class=\"organium_banner_content\"><span class=\"organium_banner_title\">10 KG S\u00dcPER \u0130R\u0130 S\u0130YAH ZEYT\u0130N TENEKE<\/span><\/span><\/span>        <\/div>\n        \t\t\t\t<\/div>\n\t\t\t\t<\/div>\n\t\t\t\t\t<\/div>\n\t\t<\/div>\n\t\t\t\t\t<\/div>\n\t\t<\/section>\n\t\t\t\t\t<\/div>\n\t\t<\/div>\n\t\t\t\t\t<\/div>\n\t\t<\/section>\n\t\t\t\t<section class=\"elementor-section elementor-top-section elementor-element elementor-element-830e22e elementor-section-boxed elementor-section-height-default elementor-section-height-default\" data-id=\"830e22e\" data-element_type=\"section\" data-e-type=\"section\">\n\t\t\t\t\t\t<div class=\"elementor-container elementor-column-gap-default\">\n\t\t\t\t\t<div class=\"elementor-column elementor-col-100 elementor-top-column elementor-element elementor-element-f8f09f4\" data-id=\"f8f09f4\" data-element_type=\"column\" data-e-type=\"column\">\n\t\t\t<div class=\"elementor-widget-wrap elementor-element-populated\">\n\t\t\t\t\t\t<section class=\"elementor-section elementor-inner-section elementor-element elementor-element-3e8af6f elementor-section-boxed elementor-section-height-default elementor-section-height-default\" data-id=\"3e8af6f\" data-element_type=\"section\" data-e-type=\"section\">\n\t\t\t\t\t\t<div class=\"elementor-container elementor-column-gap-extended\">\n\t\t\t\t\t<div class=\"elementor-column elementor-col-33 elementor-inner-column elementor-element elementor-element-739a0d0\" data-id=\"739a0d0\" data-element_type=\"column\" data-e-type=\"column\">\n\t\t\t<div class=\"elementor-widget-wrap elementor-element-populated\">\n\t\t\t\t\t\t<div class=\"elementor-element elementor-element-91417bb elementor-widget elementor-widget-organium_heading\" data-id=\"91417bb\" data-element_type=\"widget\" data-e-type=\"widget\" data-widget_type=\"organium_heading.default\">\n\t\t\t\t<div class=\"elementor-widget-container\">\n\t\t\t\t\t\n        <div class=\"organium_heading_widget\">\n                                <div class=\"organium_up_heading\"><\/div>\n                                    <div class=\"organium_heading\">\n\n                    Taner Soyaslan\u2019\u0131n 1 kg Jumbo Siyah Zeytini, sofralara b\u00fcy\u00fck lezzetler getiren e\u015fsiz bir tercihtir. \u0130ri, dolgun ve etli taneleriyle g\u00f6ze hitap eden bu zeytinler, geleneksel y\u00f6ntemlerle olgunla\u015ft\u0131r\u0131larak do\u011fal aromalar\u0131n\u0131 korur. \u0130nce kabu\u011fu ve yo\u011fun lezzeti sayesinde kahvalt\u0131lar\u0131n\u0131z\u0131n vazge\u00e7ilmezidir. Sa\u011fl\u0131kl\u0131 ve katk\u0131s\u0131z i\u00e7eri\u011fiyle, ailenizin t\u00fcm bireyleri g\u00fcvenle t\u00fcketebilir.                <\/div>\n                        <\/div>\n        \t\t\t\t<\/div>\n\t\t\t\t<\/div>\n\t\t\t\t\t<\/div>\n\t\t<\/div>\n\t\t\t\t<div class=\"elementor-column elementor-col-33 elementor-inner-column elementor-element elementor-element-44e8eb4\" data-id=\"44e8eb4\" data-element_type=\"column\" data-e-type=\"column\">\n\t\t\t<div class=\"elementor-widget-wrap elementor-element-populated\">\n\t\t\t\t\t\t<div class=\"elementor-element elementor-element-6e1da17 elementor-widget elementor-widget-text-editor\" data-id=\"6e1da17\" data-element_type=\"widget\" data-e-type=\"widget\" data-widget_type=\"text-editor.default\">\n\t\t\t\t<div class=\"elementor-widget-container\">\n\t\t\t\t\t\t\t\t\t<p>\u00d6zel cam kavanozunda sunulan Taner Soyaslan 400 gr Jumbo Siyah Zeytin, \u015f\u0131k sunumu ve tazeli\u011fiyle dikkat \u00e7ekiyor. Cam ambalaj\u0131 sayesinde tazeli\u011fini uzun s\u00fcre koruyan bu zeytinler, etli ve iri yap\u0131s\u0131yla damakta m\u00fckemmel bir tat b\u0131rak\u0131r. Her sofraya yak\u0131\u015fan lezzetiyle kahvalt\u0131lar\u0131n\u0131za, mezelerinize ve salatalar\u0131n\u0131za prestij katar.<\/p>\t\t\t\t\t\t\t\t<\/div>\n\t\t\t\t<\/div>\n\t\t\t\t\t<\/div>\n\t\t<\/div>\n\t\t\t\t<div class=\"elementor-column elementor-col-33 elementor-inner-column elementor-element elementor-element-26bf7ec\" data-id=\"26bf7ec\" data-element_type=\"column\" data-e-type=\"column\">\n\t\t\t<div class=\"elementor-widget-wrap elementor-element-populated\">\n\t\t\t\t\t\t<div class=\"elementor-element elementor-element-949d473 elementor-widget elementor-widget-text-editor\" data-id=\"949d473\" data-element_type=\"widget\" data-e-type=\"widget\" data-widget_type=\"text-editor.default\">\n\t\t\t\t<div class=\"elementor-widget-container\">\n\t\t\t\t\t\t\t\t\t<p>Kalabal\u0131k sofralar, restoranlar ve b\u00fcy\u00fck organizasyonlar i\u00e7in ideal olan Taner Soyaslan 10 kg S\u00fcper \u0130ri Siyah Zeytin, lezzetiyle oldu\u011fu kadar ekonomik ve pratik olmas\u0131yla da tercih edilir. En iri ve \u00f6zenle se\u00e7ilmi\u015f zeytinlerden olu\u015fan bu \u00fcr\u00fcn, do\u011fal fermentasyon y\u00f6ntemiyle haz\u0131rlan\u0131r ve katk\u0131 maddesi i\u00e7ermez. Sa\u011fl\u0131kl\u0131, leziz ve dolgun yap\u0131s\u0131yla b\u00fcy\u00fck sofralara b\u00fcy\u00fck tatlar getirir. Her lokmada do\u011fall\u0131\u011f\u0131 hissedin, kaliteyi doyas\u0131ya ya\u015fay\u0131n.<\/p>\t\t\t\t\t\t\t\t<\/div>\n\t\t\t\t<\/div>\n\t\t\t\t\t<\/div>\n\t\t<\/div>\n\t\t\t\t\t<\/div>\n\t\t<\/section>\n\t\t\t\t\t<\/div>\n\t\t<\/div>\n\t\t\t\t\t<\/div>\n\t\t<\/section>\n\t\t\t\t<section class=\"elementor-section elementor-top-section elementor-element elementor-element-8f257a7 elementor-section-boxed elementor-section-height-default elementor-section-height-default\" data-id=\"8f257a7\" data-element_type=\"section\" data-e-type=\"section\">\n\t\t\t\t\t\t<div class=\"elementor-container elementor-column-gap-default\">\n\t\t\t\t\t<div class=\"elementor-column elementor-col-100 elementor-top-column elementor-element elementor-element-d94c5d8\" data-id=\"d94c5d8\" data-element_type=\"column\" data-e-type=\"column\">\n\t\t\t<div class=\"elementor-widget-wrap\">\n\t\t\t\t\t\t\t<\/div>\n\t\t<\/div>\n\t\t\t\t\t<\/div>\n\t\t<\/section>\n\t\t\t\t<section class=\"elementor-section elementor-top-section elementor-element elementor-element-c300e8c elementor-section-boxed elementor-section-height-default elementor-section-height-default\" data-id=\"c300e8c\" data-element_type=\"section\" data-e-type=\"section\">\n\t\t\t\t\t\t<div class=\"elementor-container elementor-column-gap-default\">\n\t\t\t\t\t<div class=\"elementor-column elementor-col-100 elementor-top-column elementor-element elementor-element-752c830\" data-id=\"752c830\" data-element_type=\"column\" data-e-type=\"column\">\n\t\t\t<div class=\"elementor-widget-wrap elementor-element-populated\">\n\t\t\t\t\t\t<div class=\"elementor-element elementor-element-5ed175d elementor-widget elementor-widget-spacer\" data-id=\"5ed175d\" data-element_type=\"widget\" data-e-type=\"widget\" data-widget_type=\"spacer.default\">\n\t\t\t\t<div class=\"elementor-widget-container\">\n\t\t\t\t\t\t\t<div class=\"elementor-spacer\">\n\t\t\t<div class=\"elementor-spacer-inner\"><\/div>\n\t\t<\/div>\n\t\t\t\t\t\t<\/div>\n\t\t\t\t<\/div>\n\t\t\t\t\t<\/div>\n\t\t<\/div>\n\t\t\t\t\t<\/div>\n\t\t<\/section>\n\t\t\t\t<section class=\"elementor-section elementor-top-section elementor-element elementor-element-c08cb24 elementor-section-stretched elementor-section-content-middle elementor-section-boxed elementor-section-height-default elementor-section-height-default\" data-id=\"c08cb24\" data-element_type=\"section\" data-e-type=\"section\" data-settings=\"{&quot;stretch_section&quot;:&quot;section-stretched&quot;,&quot;background_background&quot;:&quot;classic&quot;}\">\n\t\t\t\t\t\t<div class=\"elementor-container elementor-column-gap-wider\">\n\t\t\t\t\t<div class=\"elementor-column elementor-col-50 elementor-top-column elementor-element elementor-element-74d6c86\" data-id=\"74d6c86\" data-element_type=\"column\" data-e-type=\"column\">\n\t\t\t<div class=\"elementor-widget-wrap elementor-element-populated\">\n\t\t\t\t\t\t<div class=\"elementor-element elementor-element-c2b13ee elementor-widget elementor-widget-organium_image\" data-id=\"c2b13ee\" data-element_type=\"widget\" data-e-type=\"widget\" data-widget_type=\"organium_image.default\">\n\t\t\t\t<div class=\"elementor-widget-container\">\n\t\t\t\t\t        <div class=\"organium_image_widget\">\n            <div class=\"organium_image_container organium_image_style_default\">\n                <img decoding=\"async\" class=\"organium_image_widget_main_image lazyload\" data-src=\"https:\/\/tanersoyaslan.com\/wp-content\/uploads\/2026\/03\/WhatsApp-Image-2026-03-18-at-13.37.36-5.jpeg\" alt=\"\" src=\"data:image\/gif;base64,R0lGODlhAQABAAAAACH5BAEKAAEALAAAAAABAAEAAAICTAEAOw==\" style=\"--smush-placeholder-width: 1536px; --smush-placeholder-aspect-ratio: 1536\/1024;\" \/>\n            <\/div>\n        <\/div>\n        \t\t\t\t<\/div>\n\t\t\t\t<\/div>\n\t\t\t\t\t<\/div>\n\t\t<\/div>\n\t\t\t\t<div class=\"elementor-column elementor-col-50 elementor-top-column elementor-element elementor-element-ab7ac63\" data-id=\"ab7ac63\" data-element_type=\"column\" data-e-type=\"column\">\n\t\t\t<div class=\"elementor-widget-wrap elementor-element-populated\">\n\t\t\t\t\t\t<div class=\"elementor-element elementor-element-ba8b67a elementor-widget elementor-widget-text-editor\" data-id=\"ba8b67a\" data-element_type=\"widget\" data-e-type=\"widget\" data-widget_type=\"text-editor.default\">\n\t\t\t\t<div class=\"elementor-widget-container\">\n\t\t\t\t\t\t\t\t\t<p>Do\u011fal fermentasyon ve \u00f6zel salamura i\u015flemiyle haz\u0131rlanan jumbo Siyah Zeytinler, katk\u0131s\u0131z ve sa\u011fl\u0131kl\u0131 yap\u0131s\u0131yla her \u00f6\u011f\u00fcne ayr\u0131cal\u0131k katar. Parlak, \u00e7ekici g\u00f6r\u00fcn\u00fcm\u00fc ve dengeli tuz oran\u0131yla kahvalt\u0131larda, salatalarda ya da mezelerde kullan\u0131ma idealdir.<\/p>\t\t\t\t\t\t\t\t<\/div>\n\t\t\t\t<\/div>\n\t\t\t\t\t<\/div>\n\t\t<\/div>\n\t\t\t\t\t<\/div>\n\t\t<\/section>\n\t\t\t\t<section class=\"elementor-section elementor-top-section elementor-element elementor-element-ebb88ba elementor-section-boxed elementor-section-height-default elementor-section-height-default\" data-id=\"ebb88ba\" data-element_type=\"section\" data-e-type=\"section\">\n\t\t\t\t\t\t<div class=\"elementor-container elementor-column-gap-default\">\n\t\t\t\t\t<div class=\"elementor-column elementor-col-100 elementor-top-column elementor-element elementor-element-348c60e\" data-id=\"348c60e\" data-element_type=\"column\" data-e-type=\"column\">\n\t\t\t<div class=\"elementor-widget-wrap elementor-element-populated\">\n\t\t\t\t\t\t<div class=\"elementor-element elementor-element-c866a68 elementor-widget elementor-widget-spacer\" data-id=\"c866a68\" data-element_type=\"widget\" data-e-type=\"widget\" data-widget_type=\"spacer.default\">\n\t\t\t\t<div class=\"elementor-widget-container\">\n\t\t\t\t\t\t\t<div class=\"elementor-spacer\">\n\t\t\t<div class=\"elementor-spacer-inner\"><\/div>\n\t\t<\/div>\n\t\t\t\t\t\t<\/div>\n\t\t\t\t<\/div>\n\t\t\t\t\t<\/div>\n\t\t<\/div>\n\t\t\t\t\t<\/div>\n\t\t<\/section>\n\t\t\t\t<\/div>\n\t\t","protected":false},"excerpt":{"rendered":"<p>\u00d6zel cam kavanozunda sunulan Taner Soyaslan 400 gr Jumbo Siyah Zeytin, \u015f\u0131k sunumu ve tazeli\u011fiyle dikkat \u00e7ekiyor. Cam ambalaj\u0131 sayesinde tazeli\u011fini uzun s\u00fcre koruyan bu zeytinler, etli ve iri yap\u0131s\u0131yla damakta m\u00fckemmel bir tat b\u0131rak\u0131r. Her sofraya yak\u0131\u015fan lezzetiyle kahvalt\u0131lar\u0131n\u0131za, mezelerinize ve salatalar\u0131n\u0131za prestij katar. Kalabal\u0131k sofralar, restoranlar ve b\u00fcy\u00fck organizasyonlar i\u00e7in ideal olan Taner [&hellip;]<\/p>\n","protected":false},"author":1,"featured_media":0,"parent":0,"menu_order":0,"comment_status":"closed","ping_status":"closed","template":"elementor_header_footer","meta":{"footnotes":""},"class_list":["post-4043","page","type-page","status-publish","hentry"],"aioseo_notices":[],"_links":{"self":[{"href":"https:\/\/tanersoyaslan.com\/index.php?rest_route=\/wp\/v2\/pages\/4043","targetHints":{"allow":["GET"]}}],"collection":[{"href":"https:\/\/tanersoyaslan.com\/index.php?rest_route=\/wp\/v2\/pages"}],"about":[{"href":"https:\/\/tanersoyaslan.com\/index.php?rest_route=\/wp\/v2\/types\/page"}],"author":[{"embeddable":true,"href":"https:\/\/tanersoyaslan.com\/index.php?rest_route=\/wp\/v2\/users\/1"}],"replies":[{"embeddable":true,"href":"https:\/\/tanersoyaslan.com\/index.php?rest_route=%2Fwp%2Fv2%2Fcomments&post=4043"}],"version-history":[{"count":22,"href":"https:\/\/tanersoyaslan.com\/index.php?rest_route=\/wp\/v2\/pages\/4043\/revisions"}],"predecessor-version":[{"id":4215,"href":"https:\/\/tanersoyaslan.com\/index.php?rest_route=\/wp\/v2\/pages\/4043\/revisions\/4215"}],"wp:attachment":[{"href":"https:\/\/tanersoyaslan.com\/index.php?rest_route=%2Fwp%2Fv2%2Fmedia&parent=4043"}],"curies":[{"name":"wp","href":"https:\/\/api.w.org\/{rel}","templated":true}]}}