{"id":4024,"date":"2025-05-05T21:43:21","date_gmt":"2025-05-05T18:43:21","guid":{"rendered":"https:\/\/tanersoyaslan.com\/?page_id=4024"},"modified":"2026-03-25T17:51:24","modified_gmt":"2026-03-25T14:51:24","slug":"gold-siyah-zeytin-2","status":"publish","type":"page","link":"https:\/\/tanersoyaslan.com\/?page_id=4024","title":{"rendered":"Gold Siyah Zeytin\u200b"},"content":{"rendered":"\t\t<div data-elementor-type=\"wp-page\" data-elementor-id=\"4024\" class=\"elementor elementor-4024\">\n\t\t\t\t\t\t<section class=\"elementor-section elementor-top-section elementor-element elementor-element-575c627 elementor-section-boxed elementor-section-height-default elementor-section-height-default\" data-id=\"575c627\" data-element_type=\"section\" data-e-type=\"section\">\n\t\t\t\t\t\t<div class=\"elementor-container elementor-column-gap-default\">\n\t\t\t\t\t<div class=\"elementor-column elementor-col-100 elementor-top-column elementor-element elementor-element-fa364e6\" data-id=\"fa364e6\" data-element_type=\"column\" data-e-type=\"column\">\n\t\t\t<div class=\"elementor-widget-wrap elementor-element-populated\">\n\t\t\t\t\t\t<div class=\"elementor-element elementor-element-7ff9518 elementor-widget elementor-widget-spacer\" data-id=\"7ff9518\" data-element_type=\"widget\" data-e-type=\"widget\" data-widget_type=\"spacer.default\">\n\t\t\t\t<div class=\"elementor-widget-container\">\n\t\t\t\t\t\t\t<div class=\"elementor-spacer\">\n\t\t\t<div class=\"elementor-spacer-inner\"><\/div>\n\t\t<\/div>\n\t\t\t\t\t\t<\/div>\n\t\t\t\t<\/div>\n\t\t\t\t\t<\/div>\n\t\t<\/div>\n\t\t\t\t\t<\/div>\n\t\t<\/section>\n\t\t\t\t<section class=\"elementor-section elementor-top-section elementor-element elementor-element-8cd2d53 elementor-section-stretched elementor-section-boxed elementor-section-height-default elementor-section-height-default\" data-id=\"8cd2d53\" data-element_type=\"section\" data-e-type=\"section\" data-settings=\"{&quot;stretch_section&quot;:&quot;section-stretched&quot;,&quot;background_background&quot;:&quot;classic&quot;}\">\n\t\t\t\t\t\t<div class=\"elementor-container elementor-column-gap-default\">\n\t\t\t\t\t<div class=\"elementor-column elementor-col-100 elementor-top-column elementor-element elementor-element-052923b\" data-id=\"052923b\" data-element_type=\"column\" data-e-type=\"column\">\n\t\t\t<div class=\"elementor-widget-wrap elementor-element-populated\">\n\t\t\t\t\t\t<div class=\"elementor-element elementor-element-cb68128 elementor-widget elementor-widget-organium_heading\" data-id=\"cb68128\" data-element_type=\"widget\" data-e-type=\"widget\" data-widget_type=\"organium_heading.default\">\n\t\t\t\t<div class=\"elementor-widget-container\">\n\t\t\t\t\t\n        <div class=\"organium_heading_widget\">\n                                <div class=\"organium_up_heading\"><\/div>\n                                    <h2 class=\"organium_heading\">\n\n                    Gold Siyah Zeytin                <\/h2>\n                        <\/div>\n        \t\t\t\t<\/div>\n\t\t\t\t<\/div>\n\t\t\t\t<section class=\"elementor-section elementor-inner-section elementor-element elementor-element-1930f5a elementor-section-boxed elementor-section-height-default elementor-section-height-default\" data-id=\"1930f5a\" data-element_type=\"section\" data-e-type=\"section\">\n\t\t\t\t\t\t<div class=\"elementor-container elementor-column-gap-extended\">\n\t\t\t\t\t<div class=\"elementor-column elementor-col-50 elementor-inner-column elementor-element elementor-element-0b9d93b\" data-id=\"0b9d93b\" data-element_type=\"column\" data-e-type=\"column\">\n\t\t\t<div class=\"elementor-widget-wrap elementor-element-populated\">\n\t\t\t\t\t\t<div class=\"elementor-element elementor-element-b481f14 elementor-widget elementor-widget-organium_ad_banner\" data-id=\"b481f14\" data-element_type=\"widget\" data-e-type=\"widget\" data-widget_type=\"organium_ad_banner.default\">\n\t\t\t\t<div class=\"elementor-widget-container\">\n\t\t\t\t\t\n        <div class=\"organium_ad_banner_widget view_type_2\">\n            <span class=\"organium_banner_inner\"><img decoding=\"async\" class=\"organium_image_widget_bg lazyload\" data-src=\"https:\/\/tanersoyaslan.com\/wp-content\/uploads\/2026\/03\/WhatsApp-Image-2026-03-18-at-13.37.36.jpeg\" alt=\"\" src=\"data:image\/gif;base64,R0lGODlhAQABAAAAACH5BAEKAAEALAAAAAABAAEAAAICTAEAOw==\" style=\"--smush-placeholder-width: 1024px; --smush-placeholder-aspect-ratio: 1024\/1536;\" \/><span class=\"organium_banner_frame\"><\/span><span class=\"organium_banner_content\"><span class=\"organium_banner_title\">1 KG Gold Siyah Zeytin<\/span><\/span><\/span>        <\/div>\n        \t\t\t\t<\/div>\n\t\t\t\t<\/div>\n\t\t\t\t\t<\/div>\n\t\t<\/div>\n\t\t\t\t<div class=\"elementor-column elementor-col-50 elementor-inner-column elementor-element elementor-element-438717f\" data-id=\"438717f\" data-element_type=\"column\" data-e-type=\"column\">\n\t\t\t<div class=\"elementor-widget-wrap elementor-element-populated\">\n\t\t\t\t\t\t<div class=\"elementor-element elementor-element-93af82c elementor-widget elementor-widget-organium_ad_banner\" data-id=\"93af82c\" data-element_type=\"widget\" data-e-type=\"widget\" data-widget_type=\"organium_ad_banner.default\">\n\t\t\t\t<div class=\"elementor-widget-container\">\n\t\t\t\t\t\n        <div class=\"organium_ad_banner_widget view_type_2\">\n            <span class=\"organium_banner_inner\"><img decoding=\"async\" class=\"organium_image_widget_bg lazyload\" data-src=\"https:\/\/tanersoyaslan.com\/wp-content\/uploads\/2025\/05\/teneke-10kg-2.jpg\" alt=\"\" src=\"data:image\/gif;base64,R0lGODlhAQABAAAAACH5BAEKAAEALAAAAAABAAEAAAICTAEAOw==\" style=\"--smush-placeholder-width: 1200px; --smush-placeholder-aspect-ratio: 1200\/1600;\" \/><span class=\"organium_banner_frame\"><\/span><span class=\"organium_banner_content\"><span class=\"organium_banner_title\">10 KG JUMBO YA\u011eLI S\u0130YAH ZEYT\u0130N TENEKE<\/span><\/span><\/span>        <\/div>\n        \t\t\t\t<\/div>\n\t\t\t\t<\/div>\n\t\t\t\t\t<\/div>\n\t\t<\/div>\n\t\t\t\t\t<\/div>\n\t\t<\/section>\n\t\t\t\t\t<\/div>\n\t\t<\/div>\n\t\t\t\t\t<\/div>\n\t\t<\/section>\n\t\t\t\t<section class=\"elementor-section elementor-top-section elementor-element elementor-element-c7c0f82 elementor-section-boxed elementor-section-height-default elementor-section-height-default\" data-id=\"c7c0f82\" data-element_type=\"section\" data-e-type=\"section\">\n\t\t\t\t\t\t<div class=\"elementor-container elementor-column-gap-default\">\n\t\t\t\t\t<div class=\"elementor-column elementor-col-100 elementor-top-column elementor-element elementor-element-dde9ad1\" data-id=\"dde9ad1\" data-element_type=\"column\" data-e-type=\"column\">\n\t\t\t<div class=\"elementor-widget-wrap elementor-element-populated\">\n\t\t\t\t\t\t<section class=\"elementor-section elementor-inner-section elementor-element elementor-element-041f12a elementor-section-boxed elementor-section-height-default elementor-section-height-default\" data-id=\"041f12a\" data-element_type=\"section\" data-e-type=\"section\">\n\t\t\t\t\t\t<div class=\"elementor-container elementor-column-gap-extended\">\n\t\t\t\t\t<div class=\"elementor-column elementor-col-50 elementor-inner-column elementor-element elementor-element-061a89e\" data-id=\"061a89e\" data-element_type=\"column\" data-e-type=\"column\">\n\t\t\t<div class=\"elementor-widget-wrap elementor-element-populated\">\n\t\t\t\t\t\t<div class=\"elementor-element elementor-element-8f82947 elementor-widget elementor-widget-organium_heading\" data-id=\"8f82947\" data-element_type=\"widget\" data-e-type=\"widget\" data-widget_type=\"organium_heading.default\">\n\t\t\t\t<div class=\"elementor-widget-container\">\n\t\t\t\t\t\n        <div class=\"organium_heading_widget\">\n                                <div class=\"organium_up_heading\"><\/div>\n                                    <div class=\"organium_heading\">\n\n                    Taner Soyaslan'\u0131n \u00f6zel se\u00e7imi 1 kilograml\u0131k Gold Siyah Zeytin, lezzet tutkunlar\u0131 i\u00e7in haz\u0131rlanm\u0131\u015f ger\u00e7ek bir gurme \u00fcr\u00fcn\u00fcd\u00fcr. \u0130ri taneli, ince kabuklu ve bol etli yap\u0131s\u0131yla \u00f6ne \u00e7\u0131kan bu zeytinler, tamamen do\u011fal y\u00f6ntemlerle olgunla\u015ft\u0131r\u0131larak sofran\u0131za ula\u015f\u0131r.                <\/div>\n                        <\/div>\n        \t\t\t\t<\/div>\n\t\t\t\t<\/div>\n\t\t\t\t\t<\/div>\n\t\t<\/div>\n\t\t\t\t<div class=\"elementor-column elementor-col-50 elementor-inner-column elementor-element elementor-element-805f561\" data-id=\"805f561\" data-element_type=\"column\" data-e-type=\"column\">\n\t\t\t<div class=\"elementor-widget-wrap elementor-element-populated\">\n\t\t\t\t\t\t<div class=\"elementor-element elementor-element-5f0cf8a elementor-widget elementor-widget-text-editor\" data-id=\"5f0cf8a\" data-element_type=\"widget\" data-e-type=\"widget\" data-widget_type=\"text-editor.default\">\n\t\t\t\t<div class=\"elementor-widget-container\">\n\t\t\t\t\t\t\t\t\t<p>Kahvalt\u0131larda, salatalarda ve \u00f6zel sofralarda keyifle t\u00fcketebilece\u011finiz Taner Soyaslan Gold Zeytin, zengin aromas\u0131 ve dengeli tuz oran\u0131yla ger\u00e7ek bir gurme deneyimi sunar. Bu e\u015fsiz lezzetiyle sofralar\u0131n\u0131z\u0131 zenginle\u015ftirin, her \u00f6\u011f\u00fcn\u00fc alt\u0131n de\u011ferinde bir ziyafete d\u00f6n\u00fc\u015ft\u00fcr\u00fcn.<\/p>\t\t\t\t\t\t\t\t<\/div>\n\t\t\t\t<\/div>\n\t\t\t\t\t<\/div>\n\t\t<\/div>\n\t\t\t\t\t<\/div>\n\t\t<\/section>\n\t\t\t\t\t<\/div>\n\t\t<\/div>\n\t\t\t\t\t<\/div>\n\t\t<\/section>\n\t\t\t\t<section class=\"elementor-section elementor-top-section elementor-element elementor-element-6e6533d elementor-section-boxed elementor-section-height-default elementor-section-height-default\" data-id=\"6e6533d\" data-element_type=\"section\" data-e-type=\"section\">\n\t\t\t\t\t\t<div class=\"elementor-container elementor-column-gap-default\">\n\t\t\t\t\t<div class=\"elementor-column elementor-col-100 elementor-top-column elementor-element elementor-element-da3cc7e\" data-id=\"da3cc7e\" data-element_type=\"column\" data-e-type=\"column\">\n\t\t\t<div class=\"elementor-widget-wrap elementor-element-populated\">\n\t\t\t\t\t\t<div class=\"elementor-element elementor-element-9b62c76 elementor-widget elementor-widget-spacer\" data-id=\"9b62c76\" data-element_type=\"widget\" data-e-type=\"widget\" data-widget_type=\"spacer.default\">\n\t\t\t\t<div class=\"elementor-widget-container\">\n\t\t\t\t\t\t\t<div class=\"elementor-spacer\">\n\t\t\t<div class=\"elementor-spacer-inner\"><\/div>\n\t\t<\/div>\n\t\t\t\t\t\t<\/div>\n\t\t\t\t<\/div>\n\t\t\t\t\t<\/div>\n\t\t<\/div>\n\t\t\t\t\t<\/div>\n\t\t<\/section>\n\t\t\t\t<section class=\"elementor-section elementor-top-section elementor-element elementor-element-b44e827 elementor-section-stretched elementor-section-content-middle elementor-section-boxed elementor-section-height-default elementor-section-height-default\" data-id=\"b44e827\" data-element_type=\"section\" data-e-type=\"section\" data-settings=\"{&quot;stretch_section&quot;:&quot;section-stretched&quot;,&quot;background_background&quot;:&quot;classic&quot;}\">\n\t\t\t\t\t\t<div class=\"elementor-container elementor-column-gap-wider\">\n\t\t\t\t\t<div class=\"elementor-column elementor-col-50 elementor-top-column elementor-element elementor-element-83263de\" data-id=\"83263de\" data-element_type=\"column\" data-e-type=\"column\">\n\t\t\t<div class=\"elementor-widget-wrap elementor-element-populated\">\n\t\t\t\t\t\t<div class=\"elementor-element elementor-element-0adc727 elementor-widget elementor-widget-organium_image\" data-id=\"0adc727\" data-element_type=\"widget\" data-e-type=\"widget\" data-widget_type=\"organium_image.default\">\n\t\t\t\t<div class=\"elementor-widget-container\">\n\t\t\t\t\t        <div class=\"organium_image_widget\">\n            <div class=\"organium_image_container organium_image_style_default\">\n                <img decoding=\"async\" class=\"organium_image_widget_main_image lazyload\" data-src=\"https:\/\/tanersoyaslan.com\/wp-content\/uploads\/2026\/03\/WhatsApp-Image-2026-03-18-at-13.37.36-1.jpeg\" alt=\"\" src=\"data:image\/gif;base64,R0lGODlhAQABAAAAACH5BAEKAAEALAAAAAABAAEAAAICTAEAOw==\" style=\"--smush-placeholder-width: 1024px; --smush-placeholder-aspect-ratio: 1024\/1536;\" \/>\n            <\/div>\n        <\/div>\n        \t\t\t\t<\/div>\n\t\t\t\t<\/div>\n\t\t\t\t\t<\/div>\n\t\t<\/div>\n\t\t\t\t<div class=\"elementor-column elementor-col-50 elementor-top-column elementor-element elementor-element-feaadae\" data-id=\"feaadae\" data-element_type=\"column\" data-e-type=\"column\">\n\t\t\t<div class=\"elementor-widget-wrap elementor-element-populated\">\n\t\t\t\t\t\t<div class=\"elementor-element elementor-element-3a736c4 elementor-widget elementor-widget-organium_image\" data-id=\"3a736c4\" data-element_type=\"widget\" data-e-type=\"widget\" data-widget_type=\"organium_image.default\">\n\t\t\t\t<div class=\"elementor-widget-container\">\n\t\t\t\t\t        <div class=\"organium_image_widget\">\n            <div class=\"organium_image_container organium_image_style_default\">\n                <img decoding=\"async\" class=\"organium_image_widget_main_image lazyload\" data-src=\"https:\/\/tanersoyaslan.com\/wp-content\/uploads\/2026\/03\/WhatsApp-Image-2026-03-18-at-13.37.36-2.jpeg\" alt=\"\" src=\"data:image\/gif;base64,R0lGODlhAQABAAAAACH5BAEKAAEALAAAAAABAAEAAAICTAEAOw==\" style=\"--smush-placeholder-width: 1024px; --smush-placeholder-aspect-ratio: 1024\/1536;\" \/>\n            <\/div>\n        <\/div>\n        \t\t\t\t<\/div>\n\t\t\t\t<\/div>\n\t\t\t\t\t<\/div>\n\t\t<\/div>\n\t\t\t\t\t<\/div>\n\t\t<\/section>\n\t\t\t\t<section class=\"elementor-section elementor-top-section elementor-element elementor-element-4b70136 elementor-section-stretched elementor-section-content-middle elementor-section-boxed elementor-section-height-default elementor-section-height-default\" data-id=\"4b70136\" data-element_type=\"section\" data-e-type=\"section\" data-settings=\"{&quot;stretch_section&quot;:&quot;section-stretched&quot;,&quot;background_background&quot;:&quot;classic&quot;}\">\n\t\t\t\t\t\t<div class=\"elementor-container elementor-column-gap-wider\">\n\t\t\t\t\t<div class=\"elementor-column elementor-col-50 elementor-top-column elementor-element elementor-element-c1e7f32\" data-id=\"c1e7f32\" data-element_type=\"column\" data-e-type=\"column\">\n\t\t\t<div class=\"elementor-widget-wrap elementor-element-populated\">\n\t\t\t\t\t\t<div class=\"elementor-element elementor-element-df97142 elementor-widget elementor-widget-organium_image\" data-id=\"df97142\" data-element_type=\"widget\" data-e-type=\"widget\" data-widget_type=\"organium_image.default\">\n\t\t\t\t<div class=\"elementor-widget-container\">\n\t\t\t\t\t        <div class=\"organium_image_widget\">\n            <div class=\"organium_image_container organium_image_style_default\">\n                <img decoding=\"async\" class=\"organium_image_widget_main_image lazyload\" data-src=\"https:\/\/tanersoyaslan.com\/wp-content\/uploads\/2026\/03\/WhatsApp-Image-2026-03-18-at-13.37.35-1.jpeg\" alt=\"\" src=\"data:image\/gif;base64,R0lGODlhAQABAAAAACH5BAEKAAEALAAAAAABAAEAAAICTAEAOw==\" style=\"--smush-placeholder-width: 1024px; --smush-placeholder-aspect-ratio: 1024\/1536;\" \/>\n            <\/div>\n        <\/div>\n        \t\t\t\t<\/div>\n\t\t\t\t<\/div>\n\t\t\t\t\t<\/div>\n\t\t<\/div>\n\t\t\t\t<div class=\"elementor-column elementor-col-50 elementor-top-column elementor-element elementor-element-048c35b\" data-id=\"048c35b\" data-element_type=\"column\" data-e-type=\"column\">\n\t\t\t<div class=\"elementor-widget-wrap elementor-element-populated\">\n\t\t\t\t\t\t<div class=\"elementor-element elementor-element-7097f75 elementor-widget elementor-widget-organium_image\" data-id=\"7097f75\" data-element_type=\"widget\" data-e-type=\"widget\" data-widget_type=\"organium_image.default\">\n\t\t\t\t<div class=\"elementor-widget-container\">\n\t\t\t\t\t        <div class=\"organium_image_widget\">\n            <div class=\"organium_image_container organium_image_style_default\">\n                <img decoding=\"async\" class=\"organium_image_widget_main_image lazyload\" data-src=\"https:\/\/tanersoyaslan.com\/wp-content\/uploads\/2026\/03\/WhatsApp-Image-2026-03-18-at-13.37.36.jpeg\" alt=\"\" src=\"data:image\/gif;base64,R0lGODlhAQABAAAAACH5BAEKAAEALAAAAAABAAEAAAICTAEAOw==\" style=\"--smush-placeholder-width: 1024px; --smush-placeholder-aspect-ratio: 1024\/1536;\" \/>\n            <\/div>\n        <\/div>\n        \t\t\t\t<\/div>\n\t\t\t\t<\/div>\n\t\t\t\t\t<\/div>\n\t\t<\/div>\n\t\t\t\t\t<\/div>\n\t\t<\/section>\n\t\t\t\t<section class=\"elementor-section elementor-top-section elementor-element elementor-element-6636af7 elementor-section-boxed elementor-section-height-default elementor-section-height-default\" data-id=\"6636af7\" data-element_type=\"section\" data-e-type=\"section\">\n\t\t\t\t\t\t<div class=\"elementor-container elementor-column-gap-default\">\n\t\t\t\t\t<div class=\"elementor-column elementor-col-100 elementor-top-column elementor-element elementor-element-22dc983\" data-id=\"22dc983\" data-element_type=\"column\" data-e-type=\"column\">\n\t\t\t<div class=\"elementor-widget-wrap elementor-element-populated\">\n\t\t\t\t\t\t<div class=\"elementor-element elementor-element-4064ff4 elementor-widget elementor-widget-spacer\" data-id=\"4064ff4\" data-element_type=\"widget\" data-e-type=\"widget\" data-widget_type=\"spacer.default\">\n\t\t\t\t<div class=\"elementor-widget-container\">\n\t\t\t\t\t\t\t<div class=\"elementor-spacer\">\n\t\t\t<div class=\"elementor-spacer-inner\"><\/div>\n\t\t<\/div>\n\t\t\t\t\t\t<\/div>\n\t\t\t\t<\/div>\n\t\t\t\t\t<\/div>\n\t\t<\/div>\n\t\t\t\t\t<\/div>\n\t\t<\/section>\n\t\t\t\t<section class=\"elementor-section elementor-top-section elementor-element elementor-element-8e9ae3d elementor-section-boxed elementor-section-height-default elementor-section-height-default\" data-id=\"8e9ae3d\" data-element_type=\"section\" data-e-type=\"section\">\n\t\t\t\t\t\t<div class=\"elementor-container elementor-column-gap-default\">\n\t\t\t\t\t<div class=\"elementor-column elementor-col-100 elementor-top-column elementor-element elementor-element-2b61f62\" data-id=\"2b61f62\" data-element_type=\"column\" data-e-type=\"column\">\n\t\t\t<div class=\"elementor-widget-wrap elementor-element-populated\">\n\t\t\t\t\t\t<div class=\"elementor-element elementor-element-fcc4c84 elementor-widget elementor-widget-text-editor\" data-id=\"fcc4c84\" data-element_type=\"widget\" data-e-type=\"widget\" data-widget_type=\"text-editor.default\">\n\t\t\t\t<div class=\"elementor-widget-container\">\n\t\t\t\t\t\t\t\t\t<p>Do\u011fal fermentasyon ve \u00f6zel salamura i\u015flemiyle haz\u0131rlanan Gold Siyah Zeytinler, katk\u0131s\u0131z ve sa\u011fl\u0131kl\u0131 yap\u0131s\u0131yla her \u00f6\u011f\u00fcne ayr\u0131cal\u0131k katar. Parlak, \u00e7ekici g\u00f6r\u00fcn\u00fcm\u00fc ve dengeli tuz oran\u0131yla kahvalt\u0131larda, salatalarda ya da mezelerde kullan\u0131ma idealdir.<\/p>\t\t\t\t\t\t\t\t<\/div>\n\t\t\t\t<\/div>\n\t\t\t\t\t<\/div>\n\t\t<\/div>\n\t\t\t\t\t<\/div>\n\t\t<\/section>\n\t\t\t\t<\/div>\n\t\t","protected":false},"excerpt":{"rendered":"<p>Kahvalt\u0131larda, salatalarda ve \u00f6zel sofralarda keyifle t\u00fcketebilece\u011finiz Taner Soyaslan Gold Zeytin, zengin aromas\u0131 ve dengeli tuz oran\u0131yla ger\u00e7ek bir gurme deneyimi sunar. Bu e\u015fsiz lezzetiyle sofralar\u0131n\u0131z\u0131 zenginle\u015ftirin, her \u00f6\u011f\u00fcn\u00fc alt\u0131n de\u011ferinde bir ziyafete d\u00f6n\u00fc\u015ft\u00fcr\u00fcn. Do\u011fal fermentasyon ve \u00f6zel salamura i\u015flemiyle haz\u0131rlanan Gold Siyah Zeytinler, katk\u0131s\u0131z ve sa\u011fl\u0131kl\u0131 yap\u0131s\u0131yla her \u00f6\u011f\u00fcne ayr\u0131cal\u0131k katar. Parlak, \u00e7ekici g\u00f6r\u00fcn\u00fcm\u00fc [&hellip;]<\/p>\n","protected":false},"author":1,"featured_media":0,"parent":0,"menu_order":0,"comment_status":"closed","ping_status":"closed","template":"elementor_header_footer","meta":{"footnotes":""},"class_list":["post-4024","page","type-page","status-publish","hentry"],"aioseo_notices":[],"_links":{"self":[{"href":"https:\/\/tanersoyaslan.com\/index.php?rest_route=\/wp\/v2\/pages\/4024","targetHints":{"allow":["GET"]}}],"collection":[{"href":"https:\/\/tanersoyaslan.com\/index.php?rest_route=\/wp\/v2\/pages"}],"about":[{"href":"https:\/\/tanersoyaslan.com\/index.php?rest_route=\/wp\/v2\/types\/page"}],"author":[{"embeddable":true,"href":"https:\/\/tanersoyaslan.com\/index.php?rest_route=\/wp\/v2\/users\/1"}],"replies":[{"embeddable":true,"href":"https:\/\/tanersoyaslan.com\/index.php?rest_route=%2Fwp%2Fv2%2Fcomments&post=4024"}],"version-history":[{"count":16,"href":"https:\/\/tanersoyaslan.com\/index.php?rest_route=\/wp\/v2\/pages\/4024\/revisions"}],"predecessor-version":[{"id":4209,"href":"https:\/\/tanersoyaslan.com\/index.php?rest_route=\/wp\/v2\/pages\/4024\/revisions\/4209"}],"wp:attachment":[{"href":"https:\/\/tanersoyaslan.com\/index.php?rest_route=%2Fwp%2Fv2%2Fmedia&parent=4024"}],"curies":[{"name":"wp","href":"https:\/\/api.w.org\/{rel}","templated":true}]}}