{"id":3933,"date":"2025-05-01T16:56:25","date_gmt":"2025-05-01T13:56:25","guid":{"rendered":"https:\/\/tanersoyaslan.com\/?page_id=3933"},"modified":"2026-03-25T17:49:22","modified_gmt":"2026-03-25T14:49:22","slug":"zeytinyagi","status":"publish","type":"page","link":"https:\/\/tanersoyaslan.com\/?page_id=3933","title":{"rendered":"ZeytinYa\u011f\u0131"},"content":{"rendered":"\t\t<div data-elementor-type=\"wp-page\" data-elementor-id=\"3933\" class=\"elementor elementor-3933\">\n\t\t\t\t\t\t<section class=\"elementor-section elementor-top-section elementor-element elementor-element-fed104b elementor-section-boxed elementor-section-height-default elementor-section-height-default\" data-id=\"fed104b\" data-element_type=\"section\" data-e-type=\"section\">\n\t\t\t\t\t\t<div class=\"elementor-container elementor-column-gap-default\">\n\t\t\t\t\t<div class=\"elementor-column elementor-col-100 elementor-top-column elementor-element elementor-element-567d5a5\" data-id=\"567d5a5\" data-element_type=\"column\" data-e-type=\"column\">\n\t\t\t<div class=\"elementor-widget-wrap elementor-element-populated\">\n\t\t\t\t\t\t<div class=\"elementor-element elementor-element-4458409 elementor-widget elementor-widget-spacer\" data-id=\"4458409\" data-element_type=\"widget\" data-e-type=\"widget\" data-widget_type=\"spacer.default\">\n\t\t\t\t<div class=\"elementor-widget-container\">\n\t\t\t\t\t\t\t<div class=\"elementor-spacer\">\n\t\t\t<div class=\"elementor-spacer-inner\"><\/div>\n\t\t<\/div>\n\t\t\t\t\t\t<\/div>\n\t\t\t\t<\/div>\n\t\t\t\t\t<\/div>\n\t\t<\/div>\n\t\t\t\t\t<\/div>\n\t\t<\/section>\n\t\t\t\t<section class=\"elementor-section elementor-top-section elementor-element elementor-element-799010c elementor-section-boxed elementor-section-height-default elementor-section-height-default\" data-id=\"799010c\" data-element_type=\"section\" data-e-type=\"section\">\n\t\t\t\t\t\t<div class=\"elementor-container elementor-column-gap-default\">\n\t\t\t\t\t<div class=\"elementor-column elementor-col-100 elementor-top-column elementor-element elementor-element-10f7a65\" data-id=\"10f7a65\" data-element_type=\"column\" data-e-type=\"column\">\n\t\t\t<div class=\"elementor-widget-wrap elementor-element-populated\">\n\t\t\t\t\t\t<div class=\"elementor-element elementor-element-04022ee elementor-widget elementor-widget-organium_heading\" data-id=\"04022ee\" data-element_type=\"widget\" data-e-type=\"widget\" data-widget_type=\"organium_heading.default\">\n\t\t\t\t<div class=\"elementor-widget-container\">\n\t\t\t\t\t\n        <div class=\"organium_heading_widget\">\n                            <h2 class=\"organium_heading\">\n\n                    Zeytinya\u011f\u0131 \u00c7e\u015fitleri                <\/h2>\n                        <\/div>\n        \t\t\t\t<\/div>\n\t\t\t\t<\/div>\n\t\t\t\t\t<\/div>\n\t\t<\/div>\n\t\t\t\t\t<\/div>\n\t\t<\/section>\n\t\t\t\t<section class=\"elementor-section elementor-top-section elementor-element elementor-element-fb60b40 elementor-section-boxed elementor-section-height-default elementor-section-height-default\" data-id=\"fb60b40\" data-element_type=\"section\" data-e-type=\"section\">\n\t\t\t\t\t\t<div class=\"elementor-container elementor-column-gap-default\">\n\t\t\t\t\t<div class=\"elementor-column elementor-col-100 elementor-top-column elementor-element elementor-element-f6f643e\" data-id=\"f6f643e\" data-element_type=\"column\" data-e-type=\"column\">\n\t\t\t<div class=\"elementor-widget-wrap elementor-element-populated\">\n\t\t\t\t\t\t<div class=\"elementor-element elementor-element-42ea690 elementor-widget elementor-widget-spacer\" data-id=\"42ea690\" data-element_type=\"widget\" data-e-type=\"widget\" data-widget_type=\"spacer.default\">\n\t\t\t\t<div class=\"elementor-widget-container\">\n\t\t\t\t\t\t\t<div class=\"elementor-spacer\">\n\t\t\t<div class=\"elementor-spacer-inner\"><\/div>\n\t\t<\/div>\n\t\t\t\t\t\t<\/div>\n\t\t\t\t<\/div>\n\t\t\t\t\t<\/div>\n\t\t<\/div>\n\t\t\t\t\t<\/div>\n\t\t<\/section>\n\t\t\t\t<section class=\"elementor-section elementor-top-section elementor-element elementor-element-b295cb9 elementor-section-boxed elementor-section-height-default elementor-section-height-default\" data-id=\"b295cb9\" data-element_type=\"section\" data-e-type=\"section\">\n\t\t\t\t\t\t<div class=\"elementor-container elementor-column-gap-default\">\n\t\t\t\t\t<div class=\"elementor-column elementor-col-33 elementor-top-column elementor-element elementor-element-96a4abd\" data-id=\"96a4abd\" data-element_type=\"column\" data-e-type=\"column\">\n\t\t\t<div class=\"elementor-widget-wrap elementor-element-populated\">\n\t\t\t\t\t\t<div class=\"elementor-element elementor-element-9498b39 elementor-widget elementor-widget-organium_ad_banner\" data-id=\"9498b39\" data-element_type=\"widget\" data-e-type=\"widget\" data-widget_type=\"organium_ad_banner.default\">\n\t\t\t\t<div class=\"elementor-widget-container\">\n\t\t\t\t\t\n        <div class=\"organium_ad_banner_widget view_type_1\">\n            <span class=\"organium_banner_inner\"><img decoding=\"async\" class=\"organium_image_widget_bg lazyload\" data-src=\"https:\/\/tanersoyaslan.com\/wp-content\/uploads\/2026\/03\/WhatsApp-Image-2026-03-18-at-13.37.36-13.jpeg\" alt=\"\" src=\"data:image\/gif;base64,R0lGODlhAQABAAAAACH5BAEKAAEALAAAAAABAAEAAAICTAEAOw==\" style=\"--smush-placeholder-width: 1024px; --smush-placeholder-aspect-ratio: 1024\/1536;\" \/><span class=\"organium_banner_content\"><\/span><\/span>        <\/div>\n        \t\t\t\t<\/div>\n\t\t\t\t<\/div>\n\t\t\t\t\t<\/div>\n\t\t<\/div>\n\t\t\t\t<div class=\"elementor-column elementor-col-33 elementor-top-column elementor-element elementor-element-d310c56\" data-id=\"d310c56\" data-element_type=\"column\" data-e-type=\"column\">\n\t\t\t<div class=\"elementor-widget-wrap elementor-element-populated\">\n\t\t\t\t\t\t<div class=\"elementor-element elementor-element-1b298d1 elementor-widget elementor-widget-organium_ad_banner\" data-id=\"1b298d1\" data-element_type=\"widget\" data-e-type=\"widget\" data-widget_type=\"organium_ad_banner.default\">\n\t\t\t\t<div class=\"elementor-widget-container\">\n\t\t\t\t\t\n        <div class=\"organium_ad_banner_widget view_type_1\">\n            <span class=\"organium_banner_inner\"><img decoding=\"async\" class=\"organium_image_widget_bg lazyload\" data-src=\"https:\/\/tanersoyaslan.com\/wp-content\/uploads\/2025\/04\/2-h2-bottle.png\" alt=\"\" src=\"data:image\/gif;base64,R0lGODlhAQABAAAAACH5BAEKAAEALAAAAAABAAEAAAICTAEAOw==\" style=\"--smush-placeholder-width: 610px; --smush-placeholder-aspect-ratio: 610\/610;\" \/><span class=\"organium_banner_content\"><\/span><\/span>        <\/div>\n        \t\t\t\t<\/div>\n\t\t\t\t<\/div>\n\t\t\t\t\t<\/div>\n\t\t<\/div>\n\t\t\t\t<div class=\"elementor-column elementor-col-33 elementor-top-column elementor-element elementor-element-0be5b47\" data-id=\"0be5b47\" data-element_type=\"column\" data-e-type=\"column\">\n\t\t\t<div class=\"elementor-widget-wrap elementor-element-populated\">\n\t\t\t\t\t\t<div class=\"elementor-element elementor-element-41e4951 elementor-widget elementor-widget-organium_ad_banner\" data-id=\"41e4951\" data-element_type=\"widget\" data-e-type=\"widget\" data-widget_type=\"organium_ad_banner.default\">\n\t\t\t\t<div class=\"elementor-widget-container\">\n\t\t\t\t\t\n        <div class=\"organium_ad_banner_widget view_type_1\">\n            <span class=\"organium_banner_inner\"><img decoding=\"async\" class=\"organium_image_widget_bg lazyload\" data-src=\"https:\/\/tanersoyaslan.com\/wp-content\/uploads\/2025\/04\/slide_bg_1.jpg\" alt=\"\" src=\"data:image\/gif;base64,R0lGODlhAQABAAAAACH5BAEKAAEALAAAAAABAAEAAAICTAEAOw==\" style=\"--smush-placeholder-width: 800px; --smush-placeholder-aspect-ratio: 800\/390;\" \/><span class=\"organium_banner_content\"><\/span><\/span>        <\/div>\n        \t\t\t\t<\/div>\n\t\t\t\t<\/div>\n\t\t\t\t\t<\/div>\n\t\t<\/div>\n\t\t\t\t\t<\/div>\n\t\t<\/section>\n\t\t\t\t<section class=\"elementor-section elementor-top-section elementor-element elementor-element-8f2307a elementor-section-boxed elementor-section-height-default elementor-section-height-default\" data-id=\"8f2307a\" data-element_type=\"section\" data-e-type=\"section\">\n\t\t\t\t\t\t<div class=\"elementor-container elementor-column-gap-default\">\n\t\t\t\t\t<div class=\"elementor-column elementor-col-33 elementor-top-column elementor-element elementor-element-18fc164\" data-id=\"18fc164\" data-element_type=\"column\" data-e-type=\"column\">\n\t\t\t<div class=\"elementor-widget-wrap elementor-element-populated\">\n\t\t\t\t\t\t<div class=\"elementor-element elementor-element-9271541 elementor-widget__width-initial elementor-widget elementor-widget-image-box\" data-id=\"9271541\" data-element_type=\"widget\" data-e-type=\"widget\" data-widget_type=\"image-box.default\">\n\t\t\t\t<div class=\"elementor-widget-container\">\n\t\t\t\t\t<div class=\"elementor-image-box-wrapper\"><div class=\"elementor-image-box-content\"><h1 class=\"elementor-image-box-title\">1 Lt Zeytin Ya\u011f\u0131<\/h1><\/div><\/div>\t\t\t\t<\/div>\n\t\t\t\t<\/div>\n\t\t\t\t\t<\/div>\n\t\t<\/div>\n\t\t\t\t<div class=\"elementor-column elementor-col-33 elementor-top-column elementor-element elementor-element-c03c818\" data-id=\"c03c818\" data-element_type=\"column\" data-e-type=\"column\">\n\t\t\t<div class=\"elementor-widget-wrap elementor-element-populated\">\n\t\t\t\t\t\t<div class=\"elementor-element elementor-element-4dc9fbb elementor-widget elementor-widget-image-box\" data-id=\"4dc9fbb\" data-element_type=\"widget\" data-e-type=\"widget\" data-widget_type=\"image-box.default\">\n\t\t\t\t<div class=\"elementor-widget-container\">\n\t\t\t\t\t<div class=\"elementor-image-box-wrapper\"><div class=\"elementor-image-box-content\"><h3 class=\"elementor-image-box-title\">5 Lt Zeytin Ya\u011f\u0131<\/h3><\/div><\/div>\t\t\t\t<\/div>\n\t\t\t\t<\/div>\n\t\t\t\t\t<\/div>\n\t\t<\/div>\n\t\t\t\t<div class=\"elementor-column elementor-col-33 elementor-top-column elementor-element elementor-element-79f74fd\" data-id=\"79f74fd\" data-element_type=\"column\" data-e-type=\"column\">\n\t\t\t<div class=\"elementor-widget-wrap elementor-element-populated\">\n\t\t\t\t\t\t<div class=\"elementor-element elementor-element-e693047 elementor-widget elementor-widget-image-box\" data-id=\"e693047\" data-element_type=\"widget\" data-e-type=\"widget\" data-widget_type=\"image-box.default\">\n\t\t\t\t<div class=\"elementor-widget-container\">\n\t\t\t\t\t<div class=\"elementor-image-box-wrapper\"><div class=\"elementor-image-box-content\"><h3 class=\"elementor-image-box-title\">10 Lt Zeytin Ya\u011f\u0131<\/h3><\/div><\/div>\t\t\t\t<\/div>\n\t\t\t\t<\/div>\n\t\t\t\t\t<\/div>\n\t\t<\/div>\n\t\t\t\t\t<\/div>\n\t\t<\/section>\n\t\t\t\t<\/div>\n\t\t","protected":false},"excerpt":{"rendered":"<p>1 Lt Zeytin Ya\u011f\u0131 5 Lt Zeytin Ya\u011f\u0131 10 Lt Zeytin Ya\u011f\u0131<\/p>\n","protected":false},"author":1,"featured_media":0,"parent":0,"menu_order":0,"comment_status":"closed","ping_status":"closed","template":"elementor_header_footer","meta":{"footnotes":""},"class_list":["post-3933","page","type-page","status-publish","hentry"],"aioseo_notices":[],"_links":{"self":[{"href":"https:\/\/tanersoyaslan.com\/index.php?rest_route=\/wp\/v2\/pages\/3933","targetHints":{"allow":["GET"]}}],"collection":[{"href":"https:\/\/tanersoyaslan.com\/index.php?rest_route=\/wp\/v2\/pages"}],"about":[{"href":"https:\/\/tanersoyaslan.com\/index.php?rest_route=\/wp\/v2\/types\/page"}],"author":[{"embeddable":true,"href":"https:\/\/tanersoyaslan.com\/index.php?rest_route=\/wp\/v2\/users\/1"}],"replies":[{"embeddable":true,"href":"https:\/\/tanersoyaslan.com\/index.php?rest_route=%2Fwp%2Fv2%2Fcomments&post=3933"}],"version-history":[{"count":13,"href":"https:\/\/tanersoyaslan.com\/index.php?rest_route=\/wp\/v2\/pages\/3933\/revisions"}],"predecessor-version":[{"id":4203,"href":"https:\/\/tanersoyaslan.com\/index.php?rest_route=\/wp\/v2\/pages\/3933\/revisions\/4203"}],"wp:attachment":[{"href":"https:\/\/tanersoyaslan.com\/index.php?rest_route=%2Fwp%2Fv2%2Fmedia&parent=3933"}],"curies":[{"name":"wp","href":"https:\/\/api.w.org\/{rel}","templated":true}]}}