{"id":2411,"date":"2020-07-08T13:29:03","date_gmt":"2020-07-08T13:29:03","guid":{"rendered":"http:\/\/organium.arthureanec.tst\/?page_id=2411"},"modified":"2026-03-25T17:37:47","modified_gmt":"2026-03-25T14:37:47","slug":"diet-and-nutrition","status":"publish","type":"page","link":"https:\/\/tanersoyaslan.com\/?page_id=2411","title":{"rendered":"S\u0130YAH ZEYT\u0130N"},"content":{"rendered":"\t\t<div data-elementor-type=\"wp-page\" data-elementor-id=\"2411\" class=\"elementor elementor-2411\">\n\t\t\t\t\t\t<section class=\"elementor-section elementor-top-section elementor-element elementor-element-df695d5 elementor-section-boxed elementor-section-height-default elementor-section-height-default\" data-id=\"df695d5\" data-element_type=\"section\" data-e-type=\"section\">\n\t\t\t\t\t\t<div class=\"elementor-container elementor-column-gap-default\">\n\t\t\t\t\t<div class=\"elementor-column elementor-col-100 elementor-top-column elementor-element elementor-element-1b7a7ce\" data-id=\"1b7a7ce\" data-element_type=\"column\" data-e-type=\"column\">\n\t\t\t<div class=\"elementor-widget-wrap elementor-element-populated\">\n\t\t\t\t\t\t<div class=\"elementor-element elementor-element-182974f elementor-widget elementor-widget-spacer\" data-id=\"182974f\" data-element_type=\"widget\" data-e-type=\"widget\" data-widget_type=\"spacer.default\">\n\t\t\t\t<div class=\"elementor-widget-container\">\n\t\t\t\t\t\t\t<div class=\"elementor-spacer\">\n\t\t\t<div class=\"elementor-spacer-inner\"><\/div>\n\t\t<\/div>\n\t\t\t\t\t\t<\/div>\n\t\t\t\t<\/div>\n\t\t\t\t\t<\/div>\n\t\t<\/div>\n\t\t\t\t\t<\/div>\n\t\t<\/section>\n\t\t\t\t<section class=\"elementor-section elementor-top-section elementor-element elementor-element-2cb25b7 elementor-section-boxed elementor-section-height-default elementor-section-height-default\" data-id=\"2cb25b7\" data-element_type=\"section\" data-e-type=\"section\">\n\t\t\t\t\t\t<div class=\"elementor-container elementor-column-gap-default\">\n\t\t\t\t\t<div class=\"elementor-column elementor-col-100 elementor-top-column elementor-element elementor-element-ec24592\" data-id=\"ec24592\" data-element_type=\"column\" data-e-type=\"column\">\n\t\t\t<div class=\"elementor-widget-wrap elementor-element-populated\">\n\t\t\t\t\t\t<div class=\"elementor-element elementor-element-8b79dc9 elementor-widget elementor-widget-organium_heading\" data-id=\"8b79dc9\" data-element_type=\"widget\" data-e-type=\"widget\" data-widget_type=\"organium_heading.default\">\n\t\t\t\t<div class=\"elementor-widget-container\">\n\t\t\t\t\t\n        <div class=\"organium_heading_widget\">\n                                <div class=\"organium_up_heading\">Organik<\/div>\n                                    <h2 class=\"organium_heading\">\n\n                    Siyah Zeytin                <\/h2>\n                        <\/div>\n        \t\t\t\t<\/div>\n\t\t\t\t<\/div>\n\t\t\t\t<div class=\"elementor-element elementor-element-4f5418c elementor-widget elementor-widget-spacer\" data-id=\"4f5418c\" data-element_type=\"widget\" data-e-type=\"widget\" data-widget_type=\"spacer.default\">\n\t\t\t\t<div class=\"elementor-widget-container\">\n\t\t\t\t\t\t\t<div class=\"elementor-spacer\">\n\t\t\t<div class=\"elementor-spacer-inner\"><\/div>\n\t\t<\/div>\n\t\t\t\t\t\t<\/div>\n\t\t\t\t<\/div>\n\t\t\t\t\t<\/div>\n\t\t<\/div>\n\t\t\t\t\t<\/div>\n\t\t<\/section>\n\t\t\t\t<section class=\"elementor-section elementor-top-section elementor-element elementor-element-99d6a7d elementor-section-boxed elementor-section-height-default elementor-section-height-default\" data-id=\"99d6a7d\" data-element_type=\"section\" data-e-type=\"section\">\n\t\t\t\t\t\t<div class=\"elementor-container elementor-column-gap-no\">\n\t\t\t\t\t<div class=\"elementor-column elementor-col-100 elementor-top-column elementor-element elementor-element-a802286\" data-id=\"a802286\" data-element_type=\"column\" data-e-type=\"column\">\n\t\t\t<div class=\"elementor-widget-wrap elementor-element-populated\">\n\t\t\t\t\t\t<section class=\"elementor-section elementor-inner-section elementor-element elementor-element-a2f6266 elementor-section-boxed elementor-section-height-default elementor-section-height-default\" data-id=\"a2f6266\" data-element_type=\"section\" data-e-type=\"section\">\n\t\t\t\t\t\t<div class=\"elementor-container elementor-column-gap-extended\">\n\t\t\t\t\t<div class=\"elementor-column elementor-col-100 elementor-inner-column elementor-element elementor-element-6f26f3d\" data-id=\"6f26f3d\" data-element_type=\"column\" data-e-type=\"column\">\n\t\t\t<div class=\"elementor-widget-wrap elementor-element-populated\">\n\t\t\t\t\t\t<div class=\"elementor-element elementor-element-4487561 elementor-widget elementor-widget-text-editor\" data-id=\"4487561\" data-element_type=\"widget\" data-e-type=\"widget\" data-widget_type=\"text-editor.default\">\n\t\t\t\t<div class=\"elementor-widget-container\">\n\t\t\t\t\t\t\t\t\t<p>Sa\u011fl\u0131kl\u0131, lezzetli ve do\u011fal bir tercih i\u00e7in Taner Soyaslan Siyah Zeytin \u00c7e\u015fitleri<\/p>\t\t\t\t\t\t\t\t<\/div>\n\t\t\t\t<\/div>\n\t\t\t\t\t<\/div>\n\t\t<\/div>\n\t\t\t\t\t<\/div>\n\t\t<\/section>\n\t\t\t\t\t<\/div>\n\t\t<\/div>\n\t\t\t\t\t<\/div>\n\t\t<\/section>\n\t\t\t\t<section class=\"elementor-section elementor-top-section elementor-element elementor-element-d3977c7 elementor-section-boxed elementor-section-height-default elementor-section-height-default\" data-id=\"d3977c7\" data-element_type=\"section\" data-e-type=\"section\">\n\t\t\t\t\t\t<div class=\"elementor-container elementor-column-gap-default\">\n\t\t\t\t\t<div class=\"elementor-column elementor-col-25 elementor-top-column elementor-element elementor-element-b9e35b0\" data-id=\"b9e35b0\" data-element_type=\"column\" data-e-type=\"column\">\n\t\t\t<div class=\"elementor-widget-wrap elementor-element-populated\">\n\t\t\t\t\t\t<div class=\"elementor-element elementor-element-ed5b8b1 elementor-widget elementor-widget-organium_ad_banner\" data-id=\"ed5b8b1\" data-element_type=\"widget\" data-e-type=\"widget\" data-widget_type=\"organium_ad_banner.default\">\n\t\t\t\t<div class=\"elementor-widget-container\">\n\t\t\t\t\t\n        <div class=\"organium_ad_banner_widget view_type_1\">\n            <a class=\"organium_banner_inner\" href=\"https:\/\/tanersoyaslan.com\/?page_id=4024\" target=\"_blank\"><img decoding=\"async\" class=\"organium_image_widget_bg lazyload\" data-src=\"https:\/\/tanersoyaslan.com\/wp-content\/uploads\/2026\/03\/WhatsApp-Image-2026-03-18-at-13.37.36-3.jpeg\" alt=\"\" src=\"data:image\/gif;base64,R0lGODlhAQABAAAAACH5BAEKAAEALAAAAAABAAEAAAICTAEAOw==\" style=\"--smush-placeholder-width: 1536px; --smush-placeholder-aspect-ratio: 1536\/1024;\" \/><span class=\"organium_banner_content\"><\/span><\/a>        <\/div>\n        \t\t\t\t<\/div>\n\t\t\t\t<\/div>\n\t\t\t\t\t<\/div>\n\t\t<\/div>\n\t\t\t\t<div class=\"elementor-column elementor-col-25 elementor-top-column elementor-element elementor-element-8705630\" data-id=\"8705630\" data-element_type=\"column\" data-e-type=\"column\">\n\t\t\t<div class=\"elementor-widget-wrap elementor-element-populated\">\n\t\t\t\t\t\t<div class=\"elementor-element elementor-element-17bf327 elementor-widget elementor-widget-organium_ad_banner\" data-id=\"17bf327\" data-element_type=\"widget\" data-e-type=\"widget\" data-widget_type=\"organium_ad_banner.default\">\n\t\t\t\t<div class=\"elementor-widget-container\">\n\t\t\t\t\t\n        <div class=\"organium_ad_banner_widget view_type_1\">\n            <a class=\"organium_banner_inner\" href=\"https:\/\/tanersoyaslan.com\/?page_id=4043\" target=\"_blank\"><img decoding=\"async\" class=\"organium_image_widget_bg lazyload\" data-src=\"https:\/\/tanersoyaslan.com\/wp-content\/uploads\/2026\/03\/WhatsApp-Image-2026-03-18-at-13.37.36-5.jpeg\" alt=\"\" src=\"data:image\/gif;base64,R0lGODlhAQABAAAAACH5BAEKAAEALAAAAAABAAEAAAICTAEAOw==\" style=\"--smush-placeholder-width: 1536px; --smush-placeholder-aspect-ratio: 1536\/1024;\" \/><span class=\"organium_banner_content\"><\/span><\/a>        <\/div>\n        \t\t\t\t<\/div>\n\t\t\t\t<\/div>\n\t\t\t\t\t<\/div>\n\t\t<\/div>\n\t\t\t\t<div class=\"elementor-column elementor-col-25 elementor-top-column elementor-element elementor-element-c2508d4\" data-id=\"c2508d4\" data-element_type=\"column\" data-e-type=\"column\">\n\t\t\t<div class=\"elementor-widget-wrap elementor-element-populated\">\n\t\t\t\t\t\t<div class=\"elementor-element elementor-element-396347e elementor-widget elementor-widget-organium_ad_banner\" data-id=\"396347e\" data-element_type=\"widget\" data-e-type=\"widget\" data-widget_type=\"organium_ad_banner.default\">\n\t\t\t\t<div class=\"elementor-widget-container\">\n\t\t\t\t\t\n        <div class=\"organium_ad_banner_widget view_type_1\">\n            <a class=\"organium_banner_inner\" href=\"https:\/\/tanersoyaslan.com\/?page_id=226\" target=\"_blank\"><img decoding=\"async\" class=\"organium_image_widget_bg lazyload\" data-src=\"https:\/\/tanersoyaslan.com\/wp-content\/uploads\/2026\/03\/WhatsApp-Image-2026-03-18-at-13.37.36-4.jpeg\" alt=\"\" src=\"data:image\/gif;base64,R0lGODlhAQABAAAAACH5BAEKAAEALAAAAAABAAEAAAICTAEAOw==\" style=\"--smush-placeholder-width: 1536px; --smush-placeholder-aspect-ratio: 1536\/1024;\" \/><span class=\"organium_banner_content\"><\/span><\/a>        <\/div>\n        \t\t\t\t<\/div>\n\t\t\t\t<\/div>\n\t\t\t\t\t<\/div>\n\t\t<\/div>\n\t\t\t\t<div class=\"elementor-column elementor-col-25 elementor-top-column elementor-element elementor-element-2070516\" data-id=\"2070516\" data-element_type=\"column\" data-e-type=\"column\">\n\t\t\t<div class=\"elementor-widget-wrap elementor-element-populated\">\n\t\t\t\t\t\t<div class=\"elementor-element elementor-element-bd9dff9 elementor-widget elementor-widget-organium_ad_banner\" data-id=\"bd9dff9\" data-element_type=\"widget\" data-e-type=\"widget\" data-widget_type=\"organium_ad_banner.default\">\n\t\t\t\t<div class=\"elementor-widget-container\">\n\t\t\t\t\t\n        <div class=\"organium_ad_banner_widget view_type_1\">\n            <a class=\"organium_banner_inner\" href=\"https:\/\/tanersoyaslan.com\/?page_id=4108\" target=\"_blank\"><img decoding=\"async\" class=\"organium_image_widget_bg lazyload\" data-src=\"https:\/\/tanersoyaslan.com\/wp-content\/uploads\/2026\/03\/WhatsApp-Image-2026-03-18-at-13.37.36-15.jpeg\" alt=\"\" src=\"data:image\/gif;base64,R0lGODlhAQABAAAAACH5BAEKAAEALAAAAAABAAEAAAICTAEAOw==\" style=\"--smush-placeholder-width: 1536px; --smush-placeholder-aspect-ratio: 1536\/1024;\" \/><span class=\"organium_banner_content\"><\/span><\/a>        <\/div>\n        \t\t\t\t<\/div>\n\t\t\t\t<\/div>\n\t\t\t\t\t<\/div>\n\t\t<\/div>\n\t\t\t\t\t<\/div>\n\t\t<\/section>\n\t\t\t\t<section class=\"elementor-section elementor-top-section elementor-element elementor-element-6d82ab5 elementor-section-boxed elementor-section-height-default elementor-section-height-default\" data-id=\"6d82ab5\" data-element_type=\"section\" data-e-type=\"section\">\n\t\t\t\t\t\t<div class=\"elementor-container elementor-column-gap-default\">\n\t\t\t\t\t<div class=\"elementor-column elementor-col-25 elementor-top-column elementor-element elementor-element-d7c307b\" data-id=\"d7c307b\" data-element_type=\"column\" data-e-type=\"column\">\n\t\t\t<div class=\"elementor-widget-wrap elementor-element-populated\">\n\t\t\t\t\t\t<div class=\"elementor-element elementor-element-4e545e4 elementor-widget__width-initial elementor-widget elementor-widget-image-box\" data-id=\"4e545e4\" data-element_type=\"widget\" data-e-type=\"widget\" data-widget_type=\"image-box.default\">\n\t\t\t\t<div class=\"elementor-widget-container\">\n\t\t\t\t\t<div class=\"elementor-image-box-wrapper\"><div class=\"elementor-image-box-content\"><h1 class=\"elementor-image-box-title\"><a href=\"https:\/\/tanersoyaslan.com\/?page_id=4024\">Gold Siyah Zeytin<\/a><\/h1><p class=\"elementor-image-box-description\">1 KG GOLD  S\u0130YAH ZEYT\u0130N<br>10 KG JUMBO YA\u011eLI S\u0130YAH ZEYT\u0130N TENEKE\n<\/p><\/div><\/div>\t\t\t\t<\/div>\n\t\t\t\t<\/div>\n\t\t\t\t\t<\/div>\n\t\t<\/div>\n\t\t\t\t<div class=\"elementor-column elementor-col-25 elementor-top-column elementor-element elementor-element-b678d8d\" data-id=\"b678d8d\" data-element_type=\"column\" data-e-type=\"column\">\n\t\t\t<div class=\"elementor-widget-wrap elementor-element-populated\">\n\t\t\t\t\t\t<div class=\"elementor-element elementor-element-3164bcb elementor-widget elementor-widget-image-box\" data-id=\"3164bcb\" data-element_type=\"widget\" data-e-type=\"widget\" data-widget_type=\"image-box.default\">\n\t\t\t\t<div class=\"elementor-widget-container\">\n\t\t\t\t\t<div class=\"elementor-image-box-wrapper\"><div class=\"elementor-image-box-content\"><h3 class=\"elementor-image-box-title\"><a href=\"https:\/\/tanersoyaslan.com\/?page_id=4043\">Jumbo Siyah Zeytin<\/a><\/h3><p class=\"elementor-image-box-description\">1 KG JUMBO S\u0130YAH ZEYT\u0130N - <br>400 GR JUMBO CAM S\u0130YAH ZEYT\u0130N - 10 KG S\u00dcPER \u0130R\u0130 S\u0130YAH ZEYT\u0130N TENEKE<\/p><\/div><\/div>\t\t\t\t<\/div>\n\t\t\t\t<\/div>\n\t\t\t\t\t<\/div>\n\t\t<\/div>\n\t\t\t\t<div class=\"elementor-column elementor-col-25 elementor-top-column elementor-element elementor-element-31cd96d\" data-id=\"31cd96d\" data-element_type=\"column\" data-e-type=\"column\">\n\t\t\t<div class=\"elementor-widget-wrap elementor-element-populated\">\n\t\t\t\t\t\t<div class=\"elementor-element elementor-element-11be902 elementor-widget elementor-widget-image-box\" data-id=\"11be902\" data-element_type=\"widget\" data-e-type=\"widget\" data-widget_type=\"image-box.default\">\n\t\t\t\t<div class=\"elementor-widget-container\">\n\t\t\t\t\t<div class=\"elementor-image-box-wrapper\"><div class=\"elementor-image-box-content\"><h3 class=\"elementor-image-box-title\"><a href=\"https:\/\/tanersoyaslan.com\/?page_id=226\">Duble Siyah Zeytin<\/a><\/h3><p class=\"elementor-image-box-description\">1 KG DUBLE S\u0130YAH ZEYT\u0130N<br>10 KG \u0130R\u0130 YA\u011eLI S\u0130YAH ZEYT\u0130N TENEKE<\/p><\/div><\/div>\t\t\t\t<\/div>\n\t\t\t\t<\/div>\n\t\t\t\t\t<\/div>\n\t\t<\/div>\n\t\t\t\t<div class=\"elementor-column elementor-col-25 elementor-top-column elementor-element elementor-element-0e15f1e\" data-id=\"0e15f1e\" data-element_type=\"column\" data-e-type=\"column\">\n\t\t\t<div class=\"elementor-widget-wrap elementor-element-populated\">\n\t\t\t\t\t\t<div class=\"elementor-element elementor-element-f626f61 elementor-widget elementor-widget-image-box\" data-id=\"f626f61\" data-element_type=\"widget\" data-e-type=\"widget\" data-widget_type=\"image-box.default\">\n\t\t\t\t<div class=\"elementor-widget-container\">\n\t\t\t\t\t<div class=\"elementor-image-box-wrapper\"><div class=\"elementor-image-box-content\"><h3 class=\"elementor-image-box-title\"><a href=\"https:\/\/tanersoyaslan.com\/?page_id=4108\">K\u00f6y Selesi Siyah Zeytin<\/a><\/h3><p class=\"elementor-image-box-description\">900 GR K\u00d6Y SELES\u0130 S\u0130YAH ZEYT\u0130N<br>200 GR VAKUM S\u0130YAH ZEYT\u0130N<br>10 KG YA\u011eLI SELE S\u0130YAH ZEYT\u0130N TENEKE<\/p><\/div><\/div>\t\t\t\t<\/div>\n\t\t\t\t<\/div>\n\t\t\t\t\t<\/div>\n\t\t<\/div>\n\t\t\t\t\t<\/div>\n\t\t<\/section>\n\t\t\t\t<section class=\"elementor-section elementor-top-section elementor-element elementor-element-411a73a elementor-section-boxed elementor-section-height-default elementor-section-height-default\" data-id=\"411a73a\" data-element_type=\"section\" data-e-type=\"section\">\n\t\t\t\t\t\t<div class=\"elementor-container elementor-column-gap-default\">\n\t\t\t\t\t<div class=\"elementor-column elementor-col-100 elementor-top-column elementor-element elementor-element-e42ba85\" data-id=\"e42ba85\" data-element_type=\"column\" data-e-type=\"column\">\n\t\t\t<div class=\"elementor-widget-wrap elementor-element-populated\">\n\t\t\t\t\t\t<div class=\"elementor-element elementor-element-8e22f91 elementor-widget elementor-widget-spacer\" data-id=\"8e22f91\" data-element_type=\"widget\" data-e-type=\"widget\" data-widget_type=\"spacer.default\">\n\t\t\t\t<div class=\"elementor-widget-container\">\n\t\t\t\t\t\t\t<div class=\"elementor-spacer\">\n\t\t\t<div class=\"elementor-spacer-inner\"><\/div>\n\t\t<\/div>\n\t\t\t\t\t\t<\/div>\n\t\t\t\t<\/div>\n\t\t\t\t\t<\/div>\n\t\t<\/div>\n\t\t\t\t\t<\/div>\n\t\t<\/section>\n\t\t\t\t<section class=\"elementor-section elementor-top-section elementor-element elementor-element-df736f0 elementor-section-stretched elementor-section-full_width elementor-section-height-default elementor-section-height-default\" data-id=\"df736f0\" data-element_type=\"section\" data-e-type=\"section\" data-settings=\"{&quot;stretch_section&quot;:&quot;section-stretched&quot;}\">\n\t\t\t\t\t\t<div class=\"elementor-container elementor-column-gap-no\">\n\t\t\t\t\t<div class=\"elementor-column elementor-col-100 elementor-top-column elementor-element elementor-element-d1fff0e\" data-id=\"d1fff0e\" data-element_type=\"column\" data-e-type=\"column\">\n\t\t\t<div class=\"elementor-widget-wrap elementor-element-populated\">\n\t\t\t\t\t\t<section class=\"elementor-section elementor-inner-section elementor-element elementor-element-d5a451b elementor-section-boxed elementor-section-height-default elementor-section-height-default\" data-id=\"d5a451b\" data-element_type=\"section\" data-e-type=\"section\" data-settings=\"{&quot;background_background&quot;:&quot;classic&quot;}\">\n\t\t\t\t\t\t<div class=\"elementor-container elementor-column-gap-extended\">\n\t\t\t\t\t<div class=\"elementor-column elementor-col-50 elementor-inner-column elementor-element elementor-element-ec00b5d\" data-id=\"ec00b5d\" data-element_type=\"column\" data-e-type=\"column\">\n\t\t\t<div class=\"elementor-widget-wrap elementor-element-populated\">\n\t\t\t\t\t\t<div class=\"elementor-element elementor-element-6f2f07b elementor-widget__width-initial elementor-absolute elementor-widget-mobile__width-initial elementor-widget elementor-widget-image\" data-id=\"6f2f07b\" data-element_type=\"widget\" data-e-type=\"widget\" data-settings=\"{&quot;_position&quot;:&quot;absolute&quot;}\" data-widget_type=\"image.default\">\n\t\t\t\t<div class=\"elementor-widget-container\">\n\t\t\t\t\t\t\t\t\t\t\t\t\t\t\t<img fetchpriority=\"high\" decoding=\"async\" width=\"996\" height=\"664\" src=\"https:\/\/tanersoyaslan.com\/wp-content\/uploads\/2025\/04\/black-olives-glass-bowl-top-view-dark-background_192745-448.jpg\" class=\"attachment-full size-full wp-image-3866\" alt=\"\" srcset=\"https:\/\/tanersoyaslan.com\/wp-content\/uploads\/2025\/04\/black-olives-glass-bowl-top-view-dark-background_192745-448.jpg 996w, https:\/\/tanersoyaslan.com\/wp-content\/uploads\/2025\/04\/black-olives-glass-bowl-top-view-dark-background_192745-448-300x200.jpg 300w, https:\/\/tanersoyaslan.com\/wp-content\/uploads\/2025\/04\/black-olives-glass-bowl-top-view-dark-background_192745-448-768x512.jpg 768w\" sizes=\"(max-width: 996px) 100vw, 996px\" \/>\t\t\t\t\t\t\t\t\t\t\t\t\t\t\t<\/div>\n\t\t\t\t<\/div>\n\t\t\t\t<div class=\"elementor-element elementor-element-8ee6e5f elementor-widget elementor-widget-spacer\" data-id=\"8ee6e5f\" data-element_type=\"widget\" data-e-type=\"widget\" data-widget_type=\"spacer.default\">\n\t\t\t\t<div class=\"elementor-widget-container\">\n\t\t\t\t\t\t\t<div class=\"elementor-spacer\">\n\t\t\t<div class=\"elementor-spacer-inner\"><\/div>\n\t\t<\/div>\n\t\t\t\t\t\t<\/div>\n\t\t\t\t<\/div>\n\t\t\t\t\t<\/div>\n\t\t<\/div>\n\t\t\t\t<div class=\"elementor-column elementor-col-50 elementor-inner-column elementor-element elementor-element-0981926\" data-id=\"0981926\" data-element_type=\"column\" data-e-type=\"column\">\n\t\t\t<div class=\"elementor-widget-wrap elementor-element-populated\">\n\t\t\t\t\t\t<div class=\"elementor-element elementor-element-08120fb elementor-widget elementor-widget-spacer\" data-id=\"08120fb\" data-element_type=\"widget\" data-e-type=\"widget\" data-widget_type=\"spacer.default\">\n\t\t\t\t<div class=\"elementor-widget-container\">\n\t\t\t\t\t\t\t<div class=\"elementor-spacer\">\n\t\t\t<div class=\"elementor-spacer-inner\"><\/div>\n\t\t<\/div>\n\t\t\t\t\t\t<\/div>\n\t\t\t\t<\/div>\n\t\t\t\t<div class=\"elementor-element elementor-element-98c5771 elementor-widget elementor-widget-organium_heading\" data-id=\"98c5771\" data-element_type=\"widget\" data-e-type=\"widget\" data-widget_type=\"organium_heading.default\">\n\t\t\t\t<div class=\"elementor-widget-container\">\n\t\t\t\t\t\n        <div class=\"organium_heading_widget\">\n                            <h2 class=\"organium_heading\">\n\n                    Gold - Jumbo - Duble  -K\u00f6y Selesi                <\/h2>\n                        <\/div>\n        \t\t\t\t<\/div>\n\t\t\t\t<\/div>\n\t\t\t\t<div class=\"elementor-element elementor-element-8801d83 elementor-widget elementor-widget-text-editor\" data-id=\"8801d83\" data-element_type=\"widget\" data-e-type=\"widget\" data-widget_type=\"text-editor.default\">\n\t\t\t\t<div class=\"elementor-widget-container\">\n\t\t\t\t\t\t\t\t\t<p>Siyah Zeytin \u00c7e\u015fitleri Gold Jumbo Duble K\u00f6y Selesi olarak 4 gurupta Siyah Zeytinlerimiz Vakum Pet Cam Kavanoz Teneke Olmak \u00fczere 4 farkl\u0131 paketleme tipine sahiptir.<\/p>\t\t\t\t\t\t\t\t<\/div>\n\t\t\t\t<\/div>\n\t\t\t\t<div class=\"elementor-element elementor-element-97627b0 elementor-widget elementor-widget-spacer\" data-id=\"97627b0\" data-element_type=\"widget\" data-e-type=\"widget\" data-widget_type=\"spacer.default\">\n\t\t\t\t<div class=\"elementor-widget-container\">\n\t\t\t\t\t\t\t<div class=\"elementor-spacer\">\n\t\t\t<div class=\"elementor-spacer-inner\"><\/div>\n\t\t<\/div>\n\t\t\t\t\t\t<\/div>\n\t\t\t\t<\/div>\n\t\t\t\t<div class=\"elementor-element elementor-element-bca4bb5 elementor-widget elementor-widget-spacer\" data-id=\"bca4bb5\" data-element_type=\"widget\" data-e-type=\"widget\" data-widget_type=\"spacer.default\">\n\t\t\t\t<div class=\"elementor-widget-container\">\n\t\t\t\t\t\t\t<div class=\"elementor-spacer\">\n\t\t\t<div class=\"elementor-spacer-inner\"><\/div>\n\t\t<\/div>\n\t\t\t\t\t\t<\/div>\n\t\t\t\t<\/div>\n\t\t\t\t\t<\/div>\n\t\t<\/div>\n\t\t\t\t\t<\/div>\n\t\t<\/section>\n\t\t\t\t\t<\/div>\n\t\t<\/div>\n\t\t\t\t\t<\/div>\n\t\t<\/section>\n\t\t\t\t<section class=\"elementor-section elementor-top-section elementor-element elementor-element-55bb488 elementor-section-boxed elementor-section-height-default elementor-section-height-default\" data-id=\"55bb488\" data-element_type=\"section\" data-e-type=\"section\">\n\t\t\t\t\t\t<div class=\"elementor-container elementor-column-gap-default\">\n\t\t\t\t\t<div class=\"elementor-column elementor-col-100 elementor-top-column elementor-element elementor-element-a58b2d0\" data-id=\"a58b2d0\" data-element_type=\"column\" data-e-type=\"column\">\n\t\t\t<div class=\"elementor-widget-wrap elementor-element-populated\">\n\t\t\t\t\t\t<div class=\"elementor-element elementor-element-b363e28 elementor-widget elementor-widget-spacer\" data-id=\"b363e28\" data-element_type=\"widget\" data-e-type=\"widget\" data-widget_type=\"spacer.default\">\n\t\t\t\t<div class=\"elementor-widget-container\">\n\t\t\t\t\t\t\t<div class=\"elementor-spacer\">\n\t\t\t<div class=\"elementor-spacer-inner\"><\/div>\n\t\t<\/div>\n\t\t\t\t\t\t<\/div>\n\t\t\t\t<\/div>\n\t\t\t\t\t<\/div>\n\t\t<\/div>\n\t\t\t\t\t<\/div>\n\t\t<\/section>\n\t\t\t\t<\/div>\n\t\t","protected":false},"excerpt":{"rendered":"<p>Sa\u011fl\u0131kl\u0131, lezzetli ve do\u011fal bir tercih i\u00e7in Taner Soyaslan Siyah Zeytin \u00c7e\u015fitleri Gold Siyah Zeytin 1 KG GOLD S\u0130YAH ZEYT\u0130N10 KG JUMBO YA\u011eLI S\u0130YAH ZEYT\u0130N TENEKE Jumbo Siyah Zeytin 1 KG JUMBO S\u0130YAH ZEYT\u0130N &#8211; 400 GR JUMBO CAM S\u0130YAH ZEYT\u0130N &#8211; 10 KG S\u00dcPER \u0130R\u0130 S\u0130YAH ZEYT\u0130N TENEKE Duble Siyah Zeytin 1 KG DUBLE [&hellip;]<\/p>\n","protected":false},"author":1,"featured_media":0,"parent":0,"menu_order":0,"comment_status":"closed","ping_status":"closed","template":"","meta":{"footnotes":""},"class_list":["post-2411","page","type-page","status-publish","hentry"],"aioseo_notices":[],"_links":{"self":[{"href":"https:\/\/tanersoyaslan.com\/index.php?rest_route=\/wp\/v2\/pages\/2411","targetHints":{"allow":["GET"]}}],"collection":[{"href":"https:\/\/tanersoyaslan.com\/index.php?rest_route=\/wp\/v2\/pages"}],"about":[{"href":"https:\/\/tanersoyaslan.com\/index.php?rest_route=\/wp\/v2\/types\/page"}],"author":[{"embeddable":true,"href":"https:\/\/tanersoyaslan.com\/index.php?rest_route=\/wp\/v2\/users\/1"}],"replies":[{"embeddable":true,"href":"https:\/\/tanersoyaslan.com\/index.php?rest_route=%2Fwp%2Fv2%2Fcomments&post=2411"}],"version-history":[{"count":60,"href":"https:\/\/tanersoyaslan.com\/index.php?rest_route=\/wp\/v2\/pages\/2411\/revisions"}],"predecessor-version":[{"id":4172,"href":"https:\/\/tanersoyaslan.com\/index.php?rest_route=\/wp\/v2\/pages\/2411\/revisions\/4172"}],"wp:attachment":[{"href":"https:\/\/tanersoyaslan.com\/index.php?rest_route=%2Fwp%2Fv2%2Fmedia&parent=2411"}],"curies":[{"name":"wp","href":"https:\/\/api.w.org\/{rel}","templated":true}]}}