{"id":2352,"date":"2020-07-08T08:05:38","date_gmt":"2020-07-08T08:05:38","guid":{"rendered":"https:\/\/demo.artureanec.com\/themes\/organium\/?page_id=2352"},"modified":"2025-04-21T13:21:28","modified_gmt":"2025-04-21T10:21:28","slug":"hakkimizda","status":"publish","type":"page","link":"https:\/\/tanersoyaslan.com\/?page_id=2352","title":{"rendered":"Hakk\u0131m\u0131zda"},"content":{"rendered":"\t\t<div data-elementor-type=\"wp-page\" data-elementor-id=\"2352\" class=\"elementor elementor-2352\">\n\t\t\t\t\t\t<section class=\"elementor-section elementor-top-section elementor-element elementor-element-4fb8904 elementor-section-boxed elementor-section-height-default elementor-section-height-default\" data-id=\"4fb8904\" data-element_type=\"section\" data-e-type=\"section\">\n\t\t\t\t\t\t<div class=\"elementor-container elementor-column-gap-default\">\n\t\t\t\t\t<div class=\"elementor-column elementor-col-100 elementor-top-column elementor-element elementor-element-0951d84\" data-id=\"0951d84\" data-element_type=\"column\" data-e-type=\"column\">\n\t\t\t<div class=\"elementor-widget-wrap elementor-element-populated\">\n\t\t\t\t\t\t<div class=\"elementor-element elementor-element-d41a81c elementor-widget elementor-widget-heading\" data-id=\"d41a81c\" data-element_type=\"widget\" data-e-type=\"widget\" data-widget_type=\"heading.default\">\n\t\t\t\t<div class=\"elementor-widget-container\">\n\t\t\t\t\t<h2 class=\"elementor-heading-title elementor-size-default\">HAKKIMIZDA<\/h2>\t\t\t\t<\/div>\n\t\t\t\t<\/div>\n\t\t\t\t\t<\/div>\n\t\t<\/div>\n\t\t\t\t\t<\/div>\n\t\t<\/section>\n\t\t\t\t<section class=\"elementor-section elementor-top-section elementor-element elementor-element-82abc3e elementor-section-stretched elementor-section-content-middle elementor-section-full_width elementor-section-height-default elementor-section-height-default\" data-id=\"82abc3e\" data-element_type=\"section\" data-e-type=\"section\" data-settings=\"{&quot;stretch_section&quot;:&quot;section-stretched&quot;}\">\n\t\t\t\t\t\t<div class=\"elementor-container elementor-column-gap-no\">\n\t\t\t\t\t<div class=\"elementor-column elementor-col-100 elementor-top-column elementor-element elementor-element-9c71cc7\" data-id=\"9c71cc7\" data-element_type=\"column\" data-e-type=\"column\">\n\t\t\t<div class=\"elementor-widget-wrap elementor-element-populated\">\n\t\t\t\t\t\t<div class=\"elementor-element elementor-element-1481474 elementor-absolute elementor-hidden-tablet elementor-hidden-phone elementor-widget elementor-widget-image\" data-id=\"1481474\" data-element_type=\"widget\" data-e-type=\"widget\" data-settings=\"{&quot;_position&quot;:&quot;absolute&quot;}\" data-widget_type=\"image.default\">\n\t\t\t\t<div class=\"elementor-widget-container\">\n\t\t\t\t\t\t\t\t\t\t\t\t\t\t\t<img fetchpriority=\"high\" decoding=\"async\" width=\"800\" height=\"600\" src=\"https:\/\/tanersoyaslan.com\/wp-content\/uploads\/2025\/04\/zeytinkase.png\" class=\"attachment-full size-full wp-image-3557\" alt=\"\" srcset=\"https:\/\/tanersoyaslan.com\/wp-content\/uploads\/2025\/04\/zeytinkase.png 800w, https:\/\/tanersoyaslan.com\/wp-content\/uploads\/2025\/04\/zeytinkase-300x225.png 300w, https:\/\/tanersoyaslan.com\/wp-content\/uploads\/2025\/04\/zeytinkase-768x576.png 768w\" sizes=\"(max-width: 800px) 100vw, 800px\" \/>\t\t\t\t\t\t\t\t\t\t\t\t\t\t\t<\/div>\n\t\t\t\t<\/div>\n\t\t\t\t\t<\/div>\n\t\t<\/div>\n\t\t\t\t\t<\/div>\n\t\t<\/section>\n\t\t\t\t<section class=\"elementor-section elementor-top-section elementor-element elementor-element-6d9788a elementor-section-boxed elementor-section-height-default elementor-section-height-default\" data-id=\"6d9788a\" data-element_type=\"section\" data-e-type=\"section\">\n\t\t\t\t\t\t<div class=\"elementor-container elementor-column-gap-default\">\n\t\t\t\t\t<div class=\"elementor-column elementor-col-100 elementor-top-column elementor-element elementor-element-9ac0dbd\" data-id=\"9ac0dbd\" data-element_type=\"column\" data-e-type=\"column\">\n\t\t\t<div class=\"elementor-widget-wrap elementor-element-populated\">\n\t\t\t\t\t\t<div class=\"elementor-element elementor-element-e1c29ce elementor-widget__width-initial elementor-widget elementor-widget-text-editor\" data-id=\"e1c29ce\" data-element_type=\"widget\" data-e-type=\"widget\" data-widget_type=\"text-editor.default\">\n\t\t\t\t<div class=\"elementor-widget-container\">\n\t\t\t\t\t\t\t\t\t<p class=\"\" data-start=\"222\" data-end=\"417\">Her zeytin tanesi, bir ailenin eme\u011fini, topra\u011f\u0131n bereketini ve y\u0131llar\u0131n birikimini ta\u015f\u0131r.<br data-start=\"311\" data-end=\"314\" \/><strong data-start=\"314\" data-end=\"344\">Taner Soyaslan Zeytincilik<\/strong>, sizlere yaln\u0131zca lezzet de\u011fil; g\u00fcvenilir, k\u00f6kl\u00fc bir aile markas\u0131 sunar.<\/p><p class=\"\" data-start=\"419\" data-end=\"695\">Zeytin yolculu\u011fumuz 1967 y\u0131l\u0131nda ba\u015flad\u0131. Gemlik, Orhangazi ve \u0130znik\u2019in bereketli topraklar\u0131nda k\u00f6k salan bu ser\u00fcven, \u00fc\u00e7 ku\u015fa\u011f\u0131n eme\u011fi ve tutkusu ile b\u00fcy\u00fcd\u00fc. Bug\u00fcn, merkezi Orhangazi\u2019de bulunan i\u015fletmemizde, babadan o\u011fula aktar\u0131lan bilgi ve tecr\u00fcbeyle \u00fcretmeye devam ediyoruz.<\/p><p class=\"\" data-start=\"697\" data-end=\"892\">Taner Soyaslan, babas\u0131yla birlikte kurdu\u011fu markan\u0131n ard\u0131ndan ailesiyle birlikte yeni bir k\u00f6k daha sald\u0131.<br data-start=\"801\" data-end=\"804\" \/>Bu sadece bir \u00fcretim de\u011fil, sevgiyle b\u00fcy\u00fct\u00fclm\u00fc\u015f bir miras\u0131 gelece\u011fe ta\u015f\u0131ma yolculu\u011fudur.<\/p><p class=\"\" data-start=\"894\" data-end=\"1111\"><strong data-start=\"894\" data-end=\"924\">Taner Soyaslan Zeytincilik<\/strong>, yaln\u0131zca bir zeytin markas\u0131 de\u011fil, bir ailenin eme\u011fiyle yo\u011frulmu\u015f bir lezzet hik\u00e2yesidir.<br data-start=\"1015\" data-end=\"1018\" \/>Her zeytin tanesinde, Gemlik\u2019in esintisi, \u0130znik\u2019in huzuru ve Orhangazi\u2019nin bereketi gizlidir.<\/p>\t\t\t\t\t\t\t\t<\/div>\n\t\t\t\t<\/div>\n\t\t\t\t\t<\/div>\n\t\t<\/div>\n\t\t\t\t\t<\/div>\n\t\t<\/section>\n\t\t\t\t<section class=\"elementor-section elementor-top-section elementor-element elementor-element-151ce97 elementor-section-boxed elementor-section-height-default elementor-section-height-default\" data-id=\"151ce97\" data-element_type=\"section\" data-e-type=\"section\">\n\t\t\t\t\t\t<div class=\"elementor-container elementor-column-gap-default\">\n\t\t\t\t\t<div class=\"elementor-column elementor-col-100 elementor-top-column elementor-element elementor-element-36765a6\" data-id=\"36765a6\" data-element_type=\"column\" data-e-type=\"column\">\n\t\t\t<div class=\"elementor-widget-wrap\">\n\t\t\t\t\t\t\t<\/div>\n\t\t<\/div>\n\t\t\t\t\t<\/div>\n\t\t<\/section>\n\t\t\t\t<section class=\"elementor-section elementor-top-section elementor-element elementor-element-11a4f49 elementor-section-boxed elementor-section-height-default elementor-section-height-default\" data-id=\"11a4f49\" data-element_type=\"section\" data-e-type=\"section\">\n\t\t\t\t\t\t<div class=\"elementor-container elementor-column-gap-default\">\n\t\t\t\t\t<div class=\"elementor-column elementor-col-100 elementor-top-column elementor-element elementor-element-7d77ea6\" data-id=\"7d77ea6\" data-element_type=\"column\" data-e-type=\"column\">\n\t\t\t<div class=\"elementor-widget-wrap elementor-element-populated\">\n\t\t\t\t\t\t<section class=\"elementor-section elementor-inner-section elementor-element elementor-element-72c712a elementor-section-boxed elementor-section-height-default elementor-section-height-default\" data-id=\"72c712a\" data-element_type=\"section\" data-e-type=\"section\">\n\t\t\t\t\t\t<div class=\"elementor-container elementor-column-gap-default\">\n\t\t\t\t\t<div class=\"elementor-column elementor-col-100 elementor-inner-column elementor-element elementor-element-ea784fb\" data-id=\"ea784fb\" data-element_type=\"column\" data-e-type=\"column\">\n\t\t\t<div class=\"elementor-widget-wrap elementor-element-populated\">\n\t\t\t\t\t\t<div class=\"elementor-element elementor-element-03fe9d3 elementor-widget elementor-widget-organium_heading\" data-id=\"03fe9d3\" data-element_type=\"widget\" data-e-type=\"widget\" data-widget_type=\"organium_heading.default\">\n\t\t\t\t<div class=\"elementor-widget-container\">\n\t\t\t\t\t\n        <div class=\"organium_heading_widget\">\n                                <div class=\"organium_up_heading\"><\/div>\n                                    <h2 class=\"organium_heading\">\n\n                    \u201cSoyaslan kalitesi, Taner Soyaslan imzas\u0131yla.\u201d\nDo\u011fan\u0131n lezzeti, ustan\u0131n imzas\u0131.                <\/h2>\n                        <\/div>\n        \t\t\t\t<\/div>\n\t\t\t\t<\/div>\n\t\t\t\t\t<\/div>\n\t\t<\/div>\n\t\t\t\t\t<\/div>\n\t\t<\/section>\n\t\t\t\t<div class=\"elementor-element elementor-element-ac50758 elementor-widget elementor-widget-spacer\" data-id=\"ac50758\" data-element_type=\"widget\" data-e-type=\"widget\" data-widget_type=\"spacer.default\">\n\t\t\t\t<div class=\"elementor-widget-container\">\n\t\t\t\t\t\t\t<div class=\"elementor-spacer\">\n\t\t\t<div class=\"elementor-spacer-inner\"><\/div>\n\t\t<\/div>\n\t\t\t\t\t\t<\/div>\n\t\t\t\t<\/div>\n\t\t\t\t\t<\/div>\n\t\t<\/div>\n\t\t\t\t\t<\/div>\n\t\t<\/section>\n\t\t\t\t<section class=\"elementor-section elementor-top-section elementor-element elementor-element-7981595 elementor-section-stretched elementor-section-full_width elementor-section-height-default elementor-section-height-default\" data-id=\"7981595\" data-element_type=\"section\" data-e-type=\"section\" data-settings=\"{&quot;stretch_section&quot;:&quot;section-stretched&quot;,&quot;background_background&quot;:&quot;classic&quot;}\">\n\t\t\t\t\t\t<div class=\"elementor-container elementor-column-gap-no\">\n\t\t\t\t\t<div class=\"elementor-column elementor-col-100 elementor-top-column elementor-element elementor-element-008ca72\" data-id=\"008ca72\" data-element_type=\"column\" data-e-type=\"column\">\n\t\t\t<div class=\"elementor-widget-wrap elementor-element-populated\">\n\t\t\t\t\t\t\t<\/div>\n\t\t<\/div>\n\t\t\t\t\t<\/div>\n\t\t<\/section>\n\t\t\t\t<section class=\"elementor-section elementor-top-section elementor-element elementor-element-eb0693d elementor-section-boxed elementor-section-height-default elementor-section-height-default\" data-id=\"eb0693d\" data-element_type=\"section\" data-e-type=\"section\">\n\t\t\t\t\t\t<div class=\"elementor-container elementor-column-gap-default\">\n\t\t\t\t\t<div class=\"elementor-column elementor-col-100 elementor-top-column elementor-element elementor-element-450ec3a\" data-id=\"450ec3a\" data-element_type=\"column\" data-e-type=\"column\">\n\t\t\t<div class=\"elementor-widget-wrap\">\n\t\t\t\t\t\t\t<\/div>\n\t\t<\/div>\n\t\t\t\t\t<\/div>\n\t\t<\/section>\n\t\t\t\t<section class=\"elementor-section elementor-top-section elementor-element elementor-element-6eb3beb elementor-section-boxed elementor-section-height-default elementor-section-height-default\" data-id=\"6eb3beb\" data-element_type=\"section\" data-e-type=\"section\">\n\t\t\t\t\t\t<div class=\"elementor-container elementor-column-gap-default\">\n\t\t\t\t\t<div class=\"elementor-column elementor-col-100 elementor-top-column elementor-element elementor-element-924f6d1\" data-id=\"924f6d1\" data-element_type=\"column\" data-e-type=\"column\">\n\t\t\t<div class=\"elementor-widget-wrap elementor-element-populated\">\n\t\t\t\t\t\t<div class=\"elementor-element elementor-element-89c605e elementor-widget elementor-widget-image\" data-id=\"89c605e\" data-element_type=\"widget\" data-e-type=\"widget\" data-widget_type=\"image.default\">\n\t\t\t\t<div class=\"elementor-widget-container\">\n\t\t\t\t\t\t\t\t\t\t\t\t\t\t\t<img decoding=\"async\" width=\"1024\" height=\"682\" data-src=\"https:\/\/tanersoyaslan.com\/wp-content\/uploads\/2025\/04\/zeytintabagi-1024x682.png\" class=\"attachment-large size-large wp-image-3554 lazyload\" alt=\"\" data-srcset=\"https:\/\/tanersoyaslan.com\/wp-content\/uploads\/2025\/04\/zeytintabagi-1024x682.png 1024w, https:\/\/tanersoyaslan.com\/wp-content\/uploads\/2025\/04\/zeytintabagi-300x200.png 300w, https:\/\/tanersoyaslan.com\/wp-content\/uploads\/2025\/04\/zeytintabagi-768x512.png 768w, https:\/\/tanersoyaslan.com\/wp-content\/uploads\/2025\/04\/zeytintabagi.png 1280w\" data-sizes=\"(max-width: 1024px) 100vw, 1024px\" src=\"data:image\/gif;base64,R0lGODlhAQABAAAAACH5BAEKAAEALAAAAAABAAEAAAICTAEAOw==\" style=\"--smush-placeholder-width: 1024px; --smush-placeholder-aspect-ratio: 1024\/682;\" \/>\t\t\t\t\t\t\t\t\t\t\t\t\t\t\t<\/div>\n\t\t\t\t<\/div>\n\t\t\t\t\t<\/div>\n\t\t<\/div>\n\t\t\t\t\t<\/div>\n\t\t<\/section>\n\t\t\t\t<\/div>\n\t\t","protected":false},"excerpt":{"rendered":"<p>HAKKIMIZDA Her zeytin tanesi, bir ailenin eme\u011fini, topra\u011f\u0131n bereketini ve y\u0131llar\u0131n birikimini ta\u015f\u0131r.Taner Soyaslan Zeytincilik, sizlere yaln\u0131zca lezzet de\u011fil; g\u00fcvenilir, k\u00f6kl\u00fc bir aile markas\u0131 sunar. Zeytin yolculu\u011fumuz 1967 y\u0131l\u0131nda ba\u015flad\u0131. Gemlik, Orhangazi ve \u0130znik\u2019in bereketli topraklar\u0131nda k\u00f6k salan bu ser\u00fcven, \u00fc\u00e7 ku\u015fa\u011f\u0131n eme\u011fi ve tutkusu ile b\u00fcy\u00fcd\u00fc. Bug\u00fcn, merkezi Orhangazi\u2019de bulunan i\u015fletmemizde, babadan o\u011fula aktar\u0131lan [&hellip;]<\/p>\n","protected":false},"author":1,"featured_media":0,"parent":0,"menu_order":0,"comment_status":"closed","ping_status":"closed","template":"","meta":{"footnotes":""},"class_list":["post-2352","page","type-page","status-publish","hentry"],"aioseo_notices":[],"_links":{"self":[{"href":"https:\/\/tanersoyaslan.com\/index.php?rest_route=\/wp\/v2\/pages\/2352","targetHints":{"allow":["GET"]}}],"collection":[{"href":"https:\/\/tanersoyaslan.com\/index.php?rest_route=\/wp\/v2\/pages"}],"about":[{"href":"https:\/\/tanersoyaslan.com\/index.php?rest_route=\/wp\/v2\/types\/page"}],"author":[{"embeddable":true,"href":"https:\/\/tanersoyaslan.com\/index.php?rest_route=\/wp\/v2\/users\/1"}],"replies":[{"embeddable":true,"href":"https:\/\/tanersoyaslan.com\/index.php?rest_route=%2Fwp%2Fv2%2Fcomments&post=2352"}],"version-history":[{"count":23,"href":"https:\/\/tanersoyaslan.com\/index.php?rest_route=\/wp\/v2\/pages\/2352\/revisions"}],"predecessor-version":[{"id":3579,"href":"https:\/\/tanersoyaslan.com\/index.php?rest_route=\/wp\/v2\/pages\/2352\/revisions\/3579"}],"wp:attachment":[{"href":"https:\/\/tanersoyaslan.com\/index.php?rest_route=%2Fwp%2Fv2%2Fmedia&parent=2352"}],"curies":[{"name":"wp","href":"https:\/\/api.w.org\/{rel}","templated":true}]}}